{"id":3006,"date":"2019-07-04T09:10:36","date_gmt":"2019-07-04T07:10:36","guid":{"rendered":"https:\/\/explainvisually.co\/prezentacje-marketing-sprzedaz\/"},"modified":"2025-05-19T14:02:13","modified_gmt":"2025-05-19T12:02:13","slug":"marketing-sales-presentations","status":"publish","type":"page","link":"https:\/\/explainvisually.co\/en\/marketing-sales-presentations\/","title":{"rendered":"Marketing &#038; Sales presentations"},"content":{"rendered":"<p>[et_pb_section fb_built=&#8221;1&#8243; _builder_version=&#8221;4.16&#8243; use_background_color_gradient=&#8221;on&#8221; background_color_gradient_stops=&#8221;#eff5fa 0%|#ffffff 100%&#8221; background_color_gradient_start=&#8221;#eff5fa&#8221; background_color_gradient_end=&#8221;#ffffff&#8221; global_colors_info=&#8221;{}&#8221; da_is_popup=&#8221;off&#8221; da_exit_intent=&#8221;off&#8221; da_has_close=&#8221;on&#8221; da_alt_close=&#8221;off&#8221; da_dark_close=&#8221;off&#8221; da_not_modal=&#8221;on&#8221; da_is_singular=&#8221;off&#8221; da_with_loader=&#8221;off&#8221; da_has_shadow=&#8221;on&#8221; da_disable_devices=&#8221;off|off|off&#8221;][et_pb_row _builder_version=&#8221;4.16&#8243; global_colors_info=&#8221;{}&#8221;][et_pb_column type=&#8221;4_4&#8243; _builder_version=&#8221;4.16&#8243; custom_padding=&#8221;|||&#8221; global_colors_info=&#8221;{}&#8221; custom_padding__hover=&#8221;|||&#8221;][et_pb_text _builder_version=&#8221;4.16&#8243; custom_padding=&#8221;0px|||||&#8221; global_colors_info=&#8221;{}&#8221;]<\/p>\n<h4 style=\"text-align: center;\">How to tell the viewers about a complex solution without boring them?<\/h4>\n<h4 style=\"text-align: center;\"><\/h4>\n<h4 style=\"text-align: center;\"><!-- \/divi:paragraph --><!-- divi:paragraph --><\/h4>\n<h4 style=\"text-align: center;\">How to make them understand how we can help them?<\/h4>\n<h4 style=\"text-align: center;\"><\/h4>\n<h4 style=\"text-align: center;\"><!-- \/divi:paragraph --><!-- divi:paragraph --><\/h4>\n<h4 style=\"text-align: center;\">And how to make them remember us?<\/h4>\n<p>[\/et_pb_text][\/et_pb_column][\/et_pb_row][\/et_pb_section][et_pb_section fb_built=&#8221;1&#8243; _builder_version=&#8221;4.16&#8243; global_colors_info=&#8221;{}&#8221; da_is_popup=&#8221;off&#8221; da_exit_intent=&#8221;off&#8221; da_has_close=&#8221;on&#8221; da_alt_close=&#8221;off&#8221; da_dark_close=&#8221;off&#8221; da_not_modal=&#8221;on&#8221; da_is_singular=&#8221;off&#8221; da_with_loader=&#8221;off&#8221; da_has_shadow=&#8221;on&#8221; da_disable_devices=&#8221;off|off|off&#8221;][et_pb_row column_structure=&#8221;1_5,3_5,1_5&#8243; _builder_version=&#8221;4.16&#8243; global_colors_info=&#8221;{}&#8221;][et_pb_column type=&#8221;1_5&#8243; _builder_version=&#8221;4.16&#8243; global_colors_info=&#8221;{}&#8221;][\/et_pb_column][et_pb_column type=&#8221;3_5&#8243; _builder_version=&#8221;4.16&#8243; global_colors_info=&#8221;{}&#8221;][et_pb_text _builder_version=&#8221;4.16&#8243; global_colors_info=&#8221;{}&#8221;]<\/p>\n<p><!-- divi:paragraph --><\/p>\n<h4 style=\"text-align: left;\">Companies we work with know how difficult those challenges are.<\/h4>\n<p>&nbsp;<\/p>\n<p lang=\"en-GB\" class=\"western\">If we bore your client, they <b>won\u2019t remember a thing<\/b>.<\/p>\n<p lang=\"en-GB\" class=\"western\">If they don\u2019t understand how we can help them, they will <b>feel their time is being wasted<\/b>.<\/p>\n<p lang=\"en-GB\" class=\"western\">If they don\u2019t find us memorable, they will consider us \u201cjust another company,\u201d and during the transaction, they\u2019ll <b>try to talk down on the price<\/b>.<\/p>\n<p>[\/et_pb_text][\/et_pb_column][et_pb_column type=&#8221;1_5&#8243; _builder_version=&#8221;4.16&#8243; global_colors_info=&#8221;{}&#8221;][\/et_pb_column][\/et_pb_row][et_pb_row column_structure=&#8221;1_2,1_2&#8243; _builder_version=&#8221;4.16&#8243; global_colors_info=&#8221;{}&#8221;][et_pb_column type=&#8221;1_2&#8243; _builder_version=&#8221;4.16&#8243; global_colors_info=&#8221;{}&#8221;][et_pb_image src=&#8221;https:\/\/explainvisually.co\/wp-content\/uploads\/2019\/07\/Screenshot-2019-07-22-at-09.22.44.png&#8221; _builder_version=&#8221;4.16&#8243; global_colors_info=&#8221;{}&#8221;][\/et_pb_image][\/et_pb_column][et_pb_column type=&#8221;1_2&#8243; _builder_version=&#8221;4.16&#8243; global_colors_info=&#8221;{}&#8221;][et_pb_image src=&#8221;https:\/\/explainvisually.co\/wp-content\/uploads\/2019\/07\/Screenshot-2019-07-22-at-09.23.17.png&#8221; _builder_version=&#8221;4.16&#8243; global_colors_info=&#8221;{}&#8221;][\/et_pb_image][\/et_pb_column][\/et_pb_row][et_pb_row column_structure=&#8221;1_5,3_5,1_5&#8243; _builder_version=&#8221;4.16&#8243; global_colors_info=&#8221;{}&#8221;][et_pb_column type=&#8221;1_5&#8243; _builder_version=&#8221;4.16&#8243; global_colors_info=&#8221;{}&#8221;][\/et_pb_column][et_pb_column type=&#8221;3_5&#8243; _builder_version=&#8221;4.16&#8243; global_colors_info=&#8221;{}&#8221;][et_pb_text _builder_version=&#8221;4.16&#8243; global_colors_info=&#8221;{}&#8221;]<\/p>\n<h4 style=\"text-align: left;\">That\u2019s why we create presentations that appeal to salespersons as well as clients.<\/h4>\n<p>&nbsp;<\/p>\n<p lang=\"en-GB\" class=\"western\">We use psychology to <b>convince and create a lasting impression<\/b>.<\/p>\n<p lang=\"en-GB\" class=\"western\">Storytelling, to <b>involve the viewer<\/b>.<\/p>\n<p lang=\"en-GB\" class=\"western\">Visual thinking, to create <b>memorable visualisations<\/b>.<\/p>\n<p lang=\"en-GB\" class=\"western\">\n<h4 style=\"text-align: left;\">Usually, we help companies in two ways:<\/h4>\n<p>&nbsp;<\/p>\n<p lang=\"en-GB\" class=\"western\">One is to <b>create a presentation from A to Z<\/b>, basing on raw materials from the client. Together with them, we build the whole message, argumentation, story, and visualisations.<\/p>\n<p lang=\"en-GB\" class=\"western\">The second one is to <b>create slides for an existing presentation<\/b>. The clients usually choose that option when they are to speak at a conference and want to be remembered, amongst many others.<\/p>\n<p>[\/et_pb_text][\/et_pb_column][et_pb_column type=&#8221;1_5&#8243; _builder_version=&#8221;4.16&#8243; global_colors_info=&#8221;{}&#8221;][\/et_pb_column][\/et_pb_row][\/et_pb_section][et_pb_section fb_built=&#8221;1&#8243; module_class=&#8221;section_divider_top_white &#8221; _builder_version=&#8221;4.16&#8243; use_background_color_gradient=&#8221;on&#8221; background_color_gradient_stops=&#8221;#eff5fa 0%|#ffffff 100%&#8221; background_color_gradient_start=&#8221;#eff5fa&#8221; background_color_gradient_end=&#8221;#ffffff&#8221; saved_tabs=&#8221;all&#8221; global_colors_info=&#8221;{}&#8221; da_is_popup=&#8221;off&#8221; da_exit_intent=&#8221;off&#8221; da_has_close=&#8221;on&#8221; da_alt_close=&#8221;off&#8221; da_dark_close=&#8221;off&#8221; da_not_modal=&#8221;on&#8221; da_is_singular=&#8221;off&#8221; da_with_loader=&#8221;off&#8221; da_has_shadow=&#8221;on&#8221; da_disable_devices=&#8221;off|off|off&#8221;][et_pb_row _builder_version=&#8221;4.16&#8243; global_colors_info=&#8221;{}&#8221;][et_pb_column type=&#8221;4_4&#8243; _builder_version=&#8221;4.16&#8243; custom_padding=&#8221;|||&#8221; global_colors_info=&#8221;{}&#8221; custom_padding__hover=&#8221;|||&#8221;][et_pb_text _builder_version=&#8221;4.16&#8243; global_colors_info=&#8221;{}&#8221;]<\/p>\n<h2 style=\"text-align: center;\">Contact us<\/h2>\n<p style=\"text-align: center;\">We will advise you and answer all your questions.<\/p>\n<p>[\/et_pb_text][\/et_pb_column][\/et_pb_row][et_pb_row column_structure=&#8221;1_5,3_5,1_5&#8243; _builder_version=&#8221;4.16&#8243; global_colors_info=&#8221;{}&#8221;][et_pb_column type=&#8221;1_5&#8243; _builder_version=&#8221;4.16&#8243; custom_padding=&#8221;|||&#8221; global_colors_info=&#8221;{}&#8221; custom_padding__hover=&#8221;|||&#8221;][\/et_pb_column][et_pb_column type=&#8221;3_5&#8243; _builder_version=&#8221;4.16&#8243; custom_padding=&#8221;|||&#8221; global_colors_info=&#8221;{}&#8221; custom_padding__hover=&#8221;|||&#8221;][et_pb_code _builder_version=&#8221;4.16&#8243; global_colors_info=&#8221;{}&#8221;]<\/p>\n<div class=\"contact-boxes\"><!-- [et_pb_line_break_holder] -->  <\/p>\n<div class=\"contact-mail\"><!-- [et_pb_line_break_holder] -->    <i class=\"fa fa-envelope-o\"><\/i><!-- [et_pb_line_break_holder] -->    <a href=\"mailTo:hello@explainvisually.co\">hello@explainvisually.co<\/a><!-- [et_pb_line_break_holder] -->  <\/div>\n<p><!-- [et_pb_line_break_holder] -->    <\/p>\n<div class=\"contact-phone\"><!-- [et_pb_line_break_holder] -->    <i class=\"fa fa-phone\"><\/i><!-- [et_pb_line_break_holder] -->    <a href=\"tel.:+48 607 300 250\">+48 607 300 250<\/a><!-- [et_pb_line_break_holder] -->  <\/div>\n<p><!-- [et_pb_line_break_holder] --><\/div>\n<p>[\/et_pb_code][et_pb_contact_form email=&#8221;czesc@explainvisually.pl&#8221; custom_message=&#8221;%%email%%||et_pb_line_break_holder||%%message%%&#8221; success_message=&#8221;The message has been sent&#8221; submit_button_text=&#8221;Send the message&#8221; _builder_version=&#8221;4.16&#8243; _unique_id=&#8221;968715f5-5a77-4cf1-b124-cacca922f7e7&#8243; form_field_background_color=&#8221;rgba(0,0,0,0)&#8221; form_field_text_color=&#8221;#8E9EA9&#8243; captcha_font=&#8221;||||||||&#8221; form_field_font=&#8221;||||||||&#8221; custom_button=&#8221;on&#8221; button_text_size=&#8221;16px&#8221; button_text_color=&#8221;#ffffff&#8221; button_bg_color=&#8221;#34A7CA&#8221; button_border_width=&#8221;0px&#8221; button_border_radius=&#8221;35px&#8221; button_font=&#8221;||||||||&#8221; button_use_icon=&#8221;off&#8221; custom_css_contact_button=&#8221;padding-top: 19px!important;||    padding-right: 64px!important;||    padding-bottom: 19px!important;||    padding-left: 64px!important;||margin-left:auto;||margin-right:auto;&#8221; custom_css_contact_fields=&#8221;border: 1px solid #E5E3E3;||border-radius: 7px;&#8221; custom_css_text_field=&#8221;border: 1px solid #E5E3E3;||border-radius: 7px;&#8221; form_background_color=&#8221;rgba(0,0,0,0)&#8221; global_colors_info=&#8221;{}&#8221;][et_pb_contact_field field_id=&#8221;email&#8221; field_title=&#8221;Business e-mail address&#8230;&#8221; field_type=&#8221;email&#8221; fullwidth_field=&#8221;on&#8221; _builder_version=&#8221;4.16&#8243; form_field_font=&#8221;||||||||&#8221; global_colors_info=&#8221;{}&#8221; button_text_size__hover_enabled=&#8221;off&#8221; button_one_text_size__hover_enabled=&#8221;off&#8221; button_two_text_size__hover_enabled=&#8221;off&#8221; button_text_color__hover_enabled=&#8221;off&#8221; button_one_text_color__hover_enabled=&#8221;off&#8221; button_two_text_color__hover_enabled=&#8221;off&#8221; button_border_width__hover_enabled=&#8221;off&#8221; button_one_border_width__hover_enabled=&#8221;off&#8221; button_two_border_width__hover_enabled=&#8221;off&#8221; button_border_color__hover_enabled=&#8221;off&#8221; button_one_border_color__hover_enabled=&#8221;off&#8221; button_two_border_color__hover_enabled=&#8221;off&#8221; button_border_radius__hover_enabled=&#8221;off&#8221; button_one_border_radius__hover_enabled=&#8221;off&#8221; button_two_border_radius__hover_enabled=&#8221;off&#8221; button_letter_spacing__hover_enabled=&#8221;off&#8221; button_one_letter_spacing__hover_enabled=&#8221;off&#8221; button_two_letter_spacing__hover_enabled=&#8221;off&#8221; button_bg_color__hover_enabled=&#8221;off&#8221; button_one_bg_color__hover_enabled=&#8221;off&#8221; button_two_bg_color__hover_enabled=&#8221;off&#8221;][\/et_pb_contact_field][et_pb_contact_field field_id=&#8221;message&#8221; field_title=&#8221;Your message&#8230;&#8221; field_type=&#8221;text&#8221; fullwidth_field=&#8221;on&#8221; _builder_version=&#8221;4.16&#8243; global_colors_info=&#8221;{}&#8221; button_text_size__hover_enabled=&#8221;off&#8221; button_one_text_size__hover_enabled=&#8221;off&#8221; button_two_text_size__hover_enabled=&#8221;off&#8221; button_text_color__hover_enabled=&#8221;off&#8221; button_one_text_color__hover_enabled=&#8221;off&#8221; button_two_text_color__hover_enabled=&#8221;off&#8221; button_border_width__hover_enabled=&#8221;off&#8221; button_one_border_width__hover_enabled=&#8221;off&#8221; button_two_border_width__hover_enabled=&#8221;off&#8221; button_border_color__hover_enabled=&#8221;off&#8221; button_one_border_color__hover_enabled=&#8221;off&#8221; button_two_border_color__hover_enabled=&#8221;off&#8221; button_border_radius__hover_enabled=&#8221;off&#8221; button_one_border_radius__hover_enabled=&#8221;off&#8221; button_two_border_radius__hover_enabled=&#8221;off&#8221; button_letter_spacing__hover_enabled=&#8221;off&#8221; button_one_letter_spacing__hover_enabled=&#8221;off&#8221; button_two_letter_spacing__hover_enabled=&#8221;off&#8221; button_bg_color__hover_enabled=&#8221;off&#8221; button_one_bg_color__hover_enabled=&#8221;off&#8221; button_two_bg_color__hover_enabled=&#8221;off&#8221;][\/et_pb_contact_field][et_pb_contact_field field_id=&#8221;Checkbox&#8221; field_title=&#8221; &#8221; field_type=&#8221;checkbox&#8221; checkbox_options=&#8221;%91{%22value%22:%22I hereby consent to receiving commercial information via e-mail at the above given e-mail address, within the meaning of article 10(1) of the Act of 18 July 2002 on Rendering Electronic Services, from Kreatol Klaudia Tolman, ul. Anieli Krzywo\u0144 6\/129, 01-391 Warsaw, NIP: 522-273-32-08%22,%22checked%22:0,%22dragID%22:-1}%93&#8243; fullwidth_field=&#8221;on&#8221; _builder_version=&#8221;4.16&#8243; form_field_font=&#8221;||||||||&#8221; text_orientation=&#8221;center&#8221; custom_css_main_element=&#8221;font-weight: normal;&#8221; global_colors_info=&#8221;{}&#8221;][\/et_pb_contact_field][\/et_pb_contact_form][\/et_pb_column][et_pb_column type=&#8221;1_5&#8243; _builder_version=&#8221;4.16&#8243; custom_padding=&#8221;|||&#8221; global_colors_info=&#8221;{}&#8221; custom_padding__hover=&#8221;|||&#8221;][\/et_pb_column][\/et_pb_row][\/et_pb_section][et_pb_section fb_built=&#8221;1&#8243; admin_label=&#8221;Section&#8221; module_class=&#8221;section_divider_top_white blue&#8221; _builder_version=&#8221;4.16&#8243; background_color=&#8221;#fafafa&#8221; use_background_color_gradient=&#8221;on&#8221; background_color_gradient_stops=&#8221;#EFF5FA 0%|#F9FCFE 100%&#8221; background_color_gradient_start=&#8221;#EFF5FA&#8221; background_color_gradient_end=&#8221;#F9FCFE&#8221; background_color_gradient_stops_tablet=&#8221;#EFF5FA 0%|#F9FCFE 100%&#8221; background_color_gradient_stops_phone=&#8221;#EFF5FA 0%|#F9FCFE 100%&#8221; da_disable_devices=&#8221;off|off|off&#8221; global_module=&#8221;3620&#8243; global_colors_info=&#8221;{}&#8221; da_is_popup=&#8221;off&#8221; da_exit_intent=&#8221;off&#8221; da_has_close=&#8221;on&#8221; da_alt_close=&#8221;off&#8221; da_dark_close=&#8221;off&#8221; da_not_modal=&#8221;on&#8221; da_is_singular=&#8221;off&#8221; da_with_loader=&#8221;off&#8221; da_has_shadow=&#8221;on&#8221;][et_pb_row _builder_version=&#8221;4.16&#8243; global_colors_info=&#8221;{}&#8221;][et_pb_column type=&#8221;4_4&#8243; _builder_version=&#8221;4.16&#8243; custom_padding=&#8221;|||&#8221; global_colors_info=&#8221;{}&#8221; custom_padding__hover=&#8221;|||&#8221;][et_pb_text _builder_version=&#8221;4.27.4&#8243; custom_padding=&#8221;0px|||||&#8221; global_colors_info=&#8221;{}&#8221;]<\/p>\n<h2 style=\"text-align: center;\">And if you want to know more before you decide,<\/h2>\n<p style=\"text-align: center;\">see our text and visual materials\u2026<\/p>\n<p>&nbsp;<\/p>\n<p>[\/et_pb_text][\/et_pb_column][\/et_pb_row][et_pb_row module_class=&#8221;button-row&#8221; _builder_version=&#8221;4.16&#8243; global_colors_info=&#8221;{}&#8221;][et_pb_column type=&#8221;4_4&#8243; _builder_version=&#8221;4.16&#8243; custom_padding=&#8221;|||&#8221; global_colors_info=&#8221;{}&#8221; custom_padding__hover=&#8221;|||&#8221;][et_pb_button button_url=&#8221;https:\/\/explainvisually.co\/en\/knowledge\/&#8221; url_new_window=&#8221;on&#8221; button_text=&#8221;Visit ExplainED Visually \u2013 our Blog&#8221; button_alignment=&#8221;center&#8221; _builder_version=&#8221;4.16&#8243; custom_button=&#8221;on&#8221; button_text_size=&#8221;16px&#8221; button_text_color=&#8221;#ffffff&#8221; button_bg_color=&#8221;#34A7CA&#8221; button_border_radius=&#8221;35px&#8221; button_font=&#8221;||||||||&#8221; button_use_icon=&#8221;off&#8221; background_layout=&#8221;dark&#8221; custom_padding=&#8221;19px|64px|19px|64px&#8221; custom_padding_tablet=&#8221;&#8221; custom_padding_phone=&#8221;|25px||25px&#8221; custom_padding_last_edited=&#8221;on|phone&#8221; global_colors_info=&#8221;{}&#8221;][\/et_pb_button][\/et_pb_column][\/et_pb_row][\/et_pb_section]<\/p>\n","protected":false},"excerpt":{"rendered":"<p>How to tell the viewers about a complex solution without boring them? How to make them understand how we can help them? And how to make them remember us? Companies we work with know how difficult those challenges are. &nbsp; If we bore your client, they won\u2019t remember a thing. If they don\u2019t understand how [&hellip;]<\/p>\n","protected":false},"author":2,"featured_media":0,"parent":0,"menu_order":0,"comment_status":"closed","ping_status":"closed","template":"","meta":{"_et_pb_use_builder":"on","_et_pb_old_content":"<!-- wp:paragraph -->\r\n<p><br>[Pe\u0142en tekst]<\/p>\r\n<!-- \/wp:paragraph -->\r\n\r\n<!-- wp:paragraph -->\r\n<p>Jak opowiedzie\u0107 o z\u0142o\u017conym rozwi\u0105zaniu i nie zanudzi\u0107\u00a0widowni? <\/p>\r\n<!-- \/wp:paragraph -->\r\n\r\n<!-- wp:paragraph -->\r\n<p>Jak sprawi\u0107, \u017ce odbiorcy naprawd\u0119\u00a0zrozumiej\u0105, \u017ce mo\u017cemy im pom\u00f3c? <\/p>\r\n<!-- \/wp:paragraph -->\r\n\r\n<!-- wp:paragraph -->\r\n<p>I jak im przy tym zapa\u015b\u0107 w pami\u0119\u0107?<\/p>\r\n<!-- \/wp:paragraph -->\r\n\r\n<!-- wp:paragraph -->\r\n<p>Firmy z kt\u00f3rymi pracujemy wiedz\u0105, \u017ce s\u0105 to powa\u017cne wyzwania.<\/p>\r\n<!-- \/wp:paragraph -->\r\n\r\n<!-- wp:paragraph -->\r\n<p>Je\u017celi klient b\u0119dzie znudzony, to nic nie zapami\u0119ta. <\/p>\r\n<!-- \/wp:paragraph -->\r\n\r\n<!-- wp:paragraph -->\r\n<p>Je\u017celi nie zrozumie, \u017ce mo\u017cemy mu pom\u00f3c, to b\u0119dzie czu\u0142 \u017ce tracimy jego czas. <\/p>\r\n<!-- \/wp:paragraph -->\r\n\r\n<!-- wp:paragraph -->\r\n<p>A je\u015bli nie zapadniemy w pami\u0119\u0107, to wrzuci nas do szufladki \"Jeszcze jedna firma...\" i w razie transakcji b\u0119dzie wytrwale pr\u00f3bowa\u0142 zbi\u0107 cen\u0119.<\/p>\r\n<!-- \/wp:paragraph -->\r\n\r\n<!-- wp:paragraph -->\r\n<p>Dlatego pomagamy tworzy\u0107 prezentacje, kt\u00f3re trafiaj\u0105\u00a0i do klient\u00f3w i do sprzedawc\u00f3w.<\/p>\r\n<!-- \/wp:paragraph -->\r\n\r\n<!-- wp:paragraph -->\r\n<p>U\u017cywamy wiedzy z zakresu psychologii, aby przekonywa\u0107 i by\u0107 zapami\u0119tanym. <\/p>\r\n<!-- \/wp:paragraph -->\r\n\r\n<!-- wp:paragraph -->\r\n<p>Storytellingu, aby anga\u017cowa\u0107 odbiorc\u0119.<\/p>\r\n<!-- \/wp:paragraph -->\r\n\r\n<!-- wp:paragraph -->\r\n<p>My\u015blenia wizualnego, aby tworzy\u0107 wizualizacje kt\u00f3re zapadaj\u0105 w pami\u0119\u0107.<\/p>\r\n<!-- \/wp:paragraph -->\r\n\r\n<!-- wp:paragraph -->\r\n<p><Przyk\u0142adowa prezentacja> <\/p>\r\n<!-- \/wp:paragraph -->\r\n\r\n<!-- wp:paragraph -->\r\n<p>Z nasz\u0105 pomoc\u0105 sprzedawcy opowiadaj\u0105 o konkretach w anga\u017cuj\u0105cy i interesuj\u0105cy spos\u00f3b. <\/p>\r\n<!-- \/wp:paragraph -->\r\n\r\n<!-- wp:paragraph -->\r\n<p>Kontakt <\/p>\r\n<!-- \/wp:paragraph -->\r\n\r\n<!-- wp:paragraph -->\r\n<p>lub <\/p>\r\n<!-- \/wp:paragraph -->\r\n\r\n<!-- wp:paragraph -->\r\n<p>Poczytaj o prezentacjach<\/p>\r\n<!-- \/wp:paragraph -->\r\n\r\n<!-- wp:paragraph -->\r\n<p>lub <\/p>\r\n<!-- \/wp:paragraph -->\r\n\r\n<!-- wp:paragraph -->\r\n<p>Zobacz nasze prezentacje<\/p>\r\n<!-- \/wp:paragraph -->","_et_gb_content_width":"","inline_featured_image":false,"footnotes":""},"class_list":["post-3006","page","type-page","status-publish","hentry"],"yoast_head":"<!-- This site is optimized with the Yoast SEO plugin v27.0 - https:\/\/yoast.com\/product\/yoast-seo-wordpress\/ -->\n<title>Marketing &amp; Sales presentations | Explain Visually<\/title>\n<meta name=\"description\" content=\"Persuasive marketing and sales presentations that clearly communicate your value and help close deals faster.\" \/>\n<meta name=\"robots\" content=\"index, follow, max-snippet:-1, max-image-preview:large, max-video-preview:-1\" \/>\n<link rel=\"canonical\" href=\"https:\/\/explainvisually.co\/en\/marketing-sales-presentations\/\" \/>\n<meta property=\"og:locale\" content=\"en_US\" \/>\n<meta property=\"og:type\" content=\"article\" \/>\n<meta property=\"og:title\" content=\"Marketing &amp; Sales presentations | Explain Visually\" \/>\n<meta property=\"og:description\" content=\"Persuasive marketing and sales presentations that clearly communicate your value and help close deals faster.\" \/>\n<meta property=\"og:url\" content=\"https:\/\/explainvisually.co\/en\/marketing-sales-presentations\/\" \/>\n<meta property=\"og:site_name\" content=\"Explain Visually\" \/>\n<meta property=\"article:modified_time\" content=\"2025-05-19T12:02:13+00:00\" \/>\n<meta name=\"twitter:card\" content=\"summary_large_image\" \/>\n<meta name=\"twitter:label1\" content=\"Est. reading time\" \/>\n\t<meta name=\"twitter:data1\" content=\"3 minutes\" \/>\n<script type=\"application\/ld+json\" class=\"yoast-schema-graph\">{\"@context\":\"https:\/\/schema.org\",\"@graph\":[{\"@type\":\"WebPage\",\"@id\":\"https:\/\/explainvisually.co\/en\/marketing-sales-presentations\/\",\"url\":\"https:\/\/explainvisually.co\/en\/marketing-sales-presentations\/\",\"name\":\"Marketing & Sales presentations | Explain Visually\",\"isPartOf\":{\"@id\":\"https:\/\/explainvisually.co\/en\/#website\"},\"datePublished\":\"2019-07-04T07:10:36+00:00\",\"dateModified\":\"2025-05-19T12:02:13+00:00\",\"description\":\"Persuasive marketing and sales presentations that clearly communicate your value and help close deals faster.\",\"breadcrumb\":{\"@id\":\"https:\/\/explainvisually.co\/en\/marketing-sales-presentations\/#breadcrumb\"},\"inLanguage\":\"en-US\",\"potentialAction\":[{\"@type\":\"ReadAction\",\"target\":[\"https:\/\/explainvisually.co\/en\/marketing-sales-presentations\/\"]}]},{\"@type\":\"BreadcrumbList\",\"@id\":\"https:\/\/explainvisually.co\/en\/marketing-sales-presentations\/#breadcrumb\",\"itemListElement\":[{\"@type\":\"ListItem\",\"position\":1,\"name\":\"Home\",\"item\":\"https:\/\/explainvisually.co\/en\/\"},{\"@type\":\"ListItem\",\"position\":2,\"name\":\"Marketing &#038; Sales presentations\"}]},{\"@type\":\"WebSite\",\"@id\":\"https:\/\/explainvisually.co\/en\/#website\",\"url\":\"https:\/\/explainvisually.co\/en\/\",\"name\":\"Explain Visually\",\"description\":\"\",\"potentialAction\":[{\"@type\":\"SearchAction\",\"target\":{\"@type\":\"EntryPoint\",\"urlTemplate\":\"https:\/\/explainvisually.co\/en\/?s={search_term_string}\"},\"query-input\":{\"@type\":\"PropertyValueSpecification\",\"valueRequired\":true,\"valueName\":\"search_term_string\"}}],\"inLanguage\":\"en-US\"}]}<\/script>\n<!-- \/ Yoast SEO plugin. -->","yoast_head_json":{"title":"Marketing & Sales presentations | Explain Visually","description":"Persuasive marketing and sales presentations that clearly communicate your value and help close deals faster.","robots":{"index":"index","follow":"follow","max-snippet":"max-snippet:-1","max-image-preview":"max-image-preview:large","max-video-preview":"max-video-preview:-1"},"canonical":"https:\/\/explainvisually.co\/en\/marketing-sales-presentations\/","og_locale":"en_US","og_type":"article","og_title":"Marketing & Sales presentations | Explain Visually","og_description":"Persuasive marketing and sales presentations that clearly communicate your value and help close deals faster.","og_url":"https:\/\/explainvisually.co\/en\/marketing-sales-presentations\/","og_site_name":"Explain Visually","article_modified_time":"2025-05-19T12:02:13+00:00","twitter_card":"summary_large_image","twitter_misc":{"Est. reading time":"3 minutes"},"schema":{"@context":"https:\/\/schema.org","@graph":[{"@type":"WebPage","@id":"https:\/\/explainvisually.co\/en\/marketing-sales-presentations\/","url":"https:\/\/explainvisually.co\/en\/marketing-sales-presentations\/","name":"Marketing & Sales presentations | Explain Visually","isPartOf":{"@id":"https:\/\/explainvisually.co\/en\/#website"},"datePublished":"2019-07-04T07:10:36+00:00","dateModified":"2025-05-19T12:02:13+00:00","description":"Persuasive marketing and sales presentations that clearly communicate your value and help close deals faster.","breadcrumb":{"@id":"https:\/\/explainvisually.co\/en\/marketing-sales-presentations\/#breadcrumb"},"inLanguage":"en-US","potentialAction":[{"@type":"ReadAction","target":["https:\/\/explainvisually.co\/en\/marketing-sales-presentations\/"]}]},{"@type":"BreadcrumbList","@id":"https:\/\/explainvisually.co\/en\/marketing-sales-presentations\/#breadcrumb","itemListElement":[{"@type":"ListItem","position":1,"name":"Home","item":"https:\/\/explainvisually.co\/en\/"},{"@type":"ListItem","position":2,"name":"Marketing &#038; Sales presentations"}]},{"@type":"WebSite","@id":"https:\/\/explainvisually.co\/en\/#website","url":"https:\/\/explainvisually.co\/en\/","name":"Explain Visually","description":"","potentialAction":[{"@type":"SearchAction","target":{"@type":"EntryPoint","urlTemplate":"https:\/\/explainvisually.co\/en\/?s={search_term_string}"},"query-input":{"@type":"PropertyValueSpecification","valueRequired":true,"valueName":"search_term_string"}}],"inLanguage":"en-US"}]}},"_links":{"self":[{"href":"https:\/\/explainvisually.co\/en\/wp-json\/wp\/v2\/pages\/3006","targetHints":{"allow":["GET"]}}],"collection":[{"href":"https:\/\/explainvisually.co\/en\/wp-json\/wp\/v2\/pages"}],"about":[{"href":"https:\/\/explainvisually.co\/en\/wp-json\/wp\/v2\/types\/page"}],"author":[{"embeddable":true,"href":"https:\/\/explainvisually.co\/en\/wp-json\/wp\/v2\/users\/2"}],"replies":[{"embeddable":true,"href":"https:\/\/explainvisually.co\/en\/wp-json\/wp\/v2\/comments?post=3006"}],"version-history":[{"count":1,"href":"https:\/\/explainvisually.co\/en\/wp-json\/wp\/v2\/pages\/3006\/revisions"}],"predecessor-version":[{"id":26262,"href":"https:\/\/explainvisually.co\/en\/wp-json\/wp\/v2\/pages\/3006\/revisions\/26262"}],"wp:attachment":[{"href":"https:\/\/explainvisually.co\/en\/wp-json\/wp\/v2\/media?parent=3006"}],"curies":[{"name":"wp","href":"https:\/\/api.w.org\/{rel}","templated":true}]}}