{"id":3035,"date":"2019-07-04T09:00:56","date_gmt":"2019-07-04T07:00:56","guid":{"rendered":"https:\/\/explainvisually.co\/graphic-recording-i-warsztaty-strategiczne-zarzady\/"},"modified":"2025-05-19T13:43:43","modified_gmt":"2025-05-19T11:43:43","slug":"graphic-recording-strategy-workshops-boards","status":"publish","type":"page","link":"https:\/\/explainvisually.co\/en\/graphic-recording-strategy-workshops-boards\/","title":{"rendered":"Graphic Recording and strategy workshops for boards"},"content":{"rendered":"<p>[et_pb_section fb_built=&#8221;1&#8243; _builder_version=&#8221;4.16&#8243; global_colors_info=&#8221;{}&#8221; da_is_popup=&#8221;off&#8221; da_exit_intent=&#8221;off&#8221; da_has_close=&#8221;on&#8221; da_alt_close=&#8221;off&#8221; da_dark_close=&#8221;off&#8221; da_not_modal=&#8221;on&#8221; da_is_singular=&#8221;off&#8221; da_with_loader=&#8221;off&#8221; da_has_shadow=&#8221;on&#8221; da_disable_devices=&#8221;off|off|off&#8221;][et_pb_row column_structure=&#8221;1_5,3_5,1_5&#8243; _builder_version=&#8221;4.16&#8243; global_colors_info=&#8221;{}&#8221;][et_pb_column type=&#8221;1_5&#8243; _builder_version=&#8221;4.16&#8243; global_colors_info=&#8221;{}&#8221;][\/et_pb_column][et_pb_column type=&#8221;3_5&#8243; _builder_version=&#8221;4.16&#8243; global_colors_info=&#8221;{}&#8221;][et_pb_text _builder_version=&#8221;4.16&#8243; global_colors_info=&#8221;{}&#8221;]<\/p>\n<p lang=\"en-GB\" class=\"western\">We\u2019ve produced visual support for the biggest corporations. Unfortunately, most of it we can\u2019t share it with you because of NDAs.<\/p>\n<p><!-- \/divi:image --> <!-- divi:paragraph --><a href=\"https:\/\/explainvisually.co\/en\/contact\/\"><\/a><\/p>\n<p><!-- \/divi:paragraph --><\/p>\n<p>[\/et_pb_text][\/et_pb_column][et_pb_column type=&#8221;1_5&#8243; _builder_version=&#8221;4.16&#8243; global_colors_info=&#8221;{}&#8221;][\/et_pb_column][\/et_pb_row][et_pb_row _builder_version=&#8221;4.16&#8243; global_colors_info=&#8221;{}&#8221;][et_pb_column type=&#8221;4_4&#8243; _builder_version=&#8221;4.16&#8243; global_colors_info=&#8221;{}&#8221;][et_pb_image src=&#8221;https:\/\/explainvisually.co\/wp-content\/uploads\/2019\/07\/2017.09.26-Ambasada-USA-plansza-Amb.USA-1_FIN-1.jpg&#8221; _builder_version=&#8221;4.16&#8243; global_colors_info=&#8221;{}&#8221;][\/et_pb_image][\/et_pb_column][\/et_pb_row][et_pb_row column_structure=&#8221;1_5,3_5,1_5&#8243; _builder_version=&#8221;4.16&#8243; global_colors_info=&#8221;{}&#8221;][et_pb_column type=&#8221;1_5&#8243; _builder_version=&#8221;4.16&#8243; global_colors_info=&#8221;{}&#8221;][\/et_pb_column][et_pb_column type=&#8221;3_5&#8243; _builder_version=&#8221;4.16&#8243; global_colors_info=&#8221;{}&#8221;][et_pb_text _builder_version=&#8221;4.16&#8243; global_colors_info=&#8221;{}&#8221;]<\/p>\n<p>Boards choose that form for three reasons:<\/p>\n<p><!-- \/divi:paragraph --> <!-- divi:list --><\/p>\n<ul>\n<li>Graphic Recording helps <strong>make better decisions<\/strong>.<\/li>\n<\/ul>\n<p lang=\"en-GB\" class=\"western\">Graphic Recorder organizes and summarizes the whole discussion on a given topic so that the board may get a full picture of a situation. It brings them closer to important conclusions and enables them to make the best possible decision regarding strategy, product, or communication.<\/p>\n<p>&nbsp;<\/p>\n<p><!-- \/divi:paragraph --> <!-- divi:paragraph --> <!-- \/divi:paragraph --> <!-- divi:list --><\/p>\n<ul>\n<li>\n<p lang=\"en-GB\" class=\"western\">The meeting is gaining in <strong>productivity<\/strong>.<\/p>\n<\/li>\n<\/ul>\n<p lang=\"en-GB\" class=\"western\">Members watching graphic recording see what has already been discussed and where the discussion is going. Because their statements get written down, it encourages them to participate in the conversation. Besides, they\u2019re being stimulated on an additional level \u2013 a visual one. That makes them not only more involved, but also able to see the topic in a fresh, creative way.<\/p>\n<p>&nbsp;<\/p>\n<p><!-- \/divi:paragraph --> <!-- divi:paragraph --> <!-- \/divi:paragraph --> <!-- divi:list --><\/p>\n<ul>\n<li>\n<p lang=\"en-GB\" class=\"western\">Visual content <strong>lasts in your memory longer<\/strong>.<\/p>\n<\/li>\n<\/ul>\n<p lang=\"en-GB\" class=\"western\">Thanks to that, the meeting will stay in the client\u2019s head. Graphic Recording, photographed and turned into a PDF file, may serve as a great summarising note.<\/p>\n<p><!-- \/divi:paragraph --> <!-- divi:paragraph --> <!-- \/divi:paragraph --> <!-- divi:paragraph --><\/p>\n<p>[\/et_pb_text][\/et_pb_column][et_pb_column type=&#8221;1_5&#8243; _builder_version=&#8221;4.16&#8243; global_colors_info=&#8221;{}&#8221;][\/et_pb_column][\/et_pb_row][\/et_pb_section][et_pb_section fb_built=&#8221;1&#8243; module_class=&#8221;section_divider_top_white &#8221; _builder_version=&#8221;4.16&#8243; use_background_color_gradient=&#8221;on&#8221; background_color_gradient_stops=&#8221;#eff5fa 0%|#ffffff 100%&#8221; background_color_gradient_start=&#8221;#eff5fa&#8221; background_color_gradient_end=&#8221;#ffffff&#8221; saved_tabs=&#8221;all&#8221; global_colors_info=&#8221;{}&#8221; da_is_popup=&#8221;off&#8221; da_exit_intent=&#8221;off&#8221; da_has_close=&#8221;on&#8221; da_alt_close=&#8221;off&#8221; da_dark_close=&#8221;off&#8221; da_not_modal=&#8221;on&#8221; da_is_singular=&#8221;off&#8221; da_with_loader=&#8221;off&#8221; da_has_shadow=&#8221;on&#8221; da_disable_devices=&#8221;off|off|off&#8221;][et_pb_row _builder_version=&#8221;4.16&#8243; global_colors_info=&#8221;{}&#8221;][et_pb_column type=&#8221;4_4&#8243; _builder_version=&#8221;4.16&#8243; custom_padding=&#8221;|||&#8221; global_colors_info=&#8221;{}&#8221; custom_padding__hover=&#8221;|||&#8221;][et_pb_text _builder_version=&#8221;4.16&#8243; global_colors_info=&#8221;{}&#8221;]<\/p>\n<h2 style=\"text-align: center;\">Contact us<\/h2>\n<p style=\"text-align: center;\">We will advise you and answer all your questions.<\/p>\n<p>[\/et_pb_text][\/et_pb_column][\/et_pb_row][et_pb_row column_structure=&#8221;1_5,3_5,1_5&#8243; _builder_version=&#8221;4.16&#8243; global_colors_info=&#8221;{}&#8221;][et_pb_column type=&#8221;1_5&#8243; _builder_version=&#8221;4.16&#8243; custom_padding=&#8221;|||&#8221; global_colors_info=&#8221;{}&#8221; custom_padding__hover=&#8221;|||&#8221;][\/et_pb_column][et_pb_column type=&#8221;3_5&#8243; _builder_version=&#8221;4.16&#8243; custom_padding=&#8221;|||&#8221; global_colors_info=&#8221;{}&#8221; custom_padding__hover=&#8221;|||&#8221;][et_pb_code _builder_version=&#8221;4.16&#8243; global_colors_info=&#8221;{}&#8221;]<\/p>\n<div class=\"contact-boxes\"><!-- [et_pb_line_break_holder] -->  <\/p>\n<div class=\"contact-mail\"><!-- [et_pb_line_break_holder] -->    <i class=\"fa fa-envelope-o\"><\/i><!-- [et_pb_line_break_holder] -->    <a href=\"mailTo:hello@explainvisually.co\">hello@explainvisually.co<\/a><!-- [et_pb_line_break_holder] -->  <\/div>\n<p><!-- [et_pb_line_break_holder] -->    <\/p>\n<div class=\"contact-phone\"><!-- [et_pb_line_break_holder] -->    <i class=\"fa fa-phone\"><\/i><!-- [et_pb_line_break_holder] -->    <a href=\"tel.:+48 607 300 250\">+48 607 300 250<\/a><!-- [et_pb_line_break_holder] -->  <\/div>\n<p><!-- [et_pb_line_break_holder] --><\/div>\n<p>[\/et_pb_code][et_pb_contact_form email=&#8221;czesc@explainvisually.pl&#8221; custom_message=&#8221;%%email%%||et_pb_line_break_holder||%%message%%&#8221; success_message=&#8221;The message has been sent&#8221; submit_button_text=&#8221;Send the message&#8221; _builder_version=&#8221;4.16&#8243; _unique_id=&#8221;565854cf-4451-4f1c-99ba-019bdf17420f&#8221; form_field_background_color=&#8221;rgba(0,0,0,0)&#8221; form_field_text_color=&#8221;#8E9EA9&#8243; captcha_font=&#8221;||||||||&#8221; form_field_font=&#8221;||||||||&#8221; custom_button=&#8221;on&#8221; button_text_size=&#8221;16px&#8221; button_text_color=&#8221;#ffffff&#8221; button_bg_color=&#8221;#34A7CA&#8221; button_border_width=&#8221;0px&#8221; button_border_radius=&#8221;35px&#8221; button_font=&#8221;||||||||&#8221; button_use_icon=&#8221;off&#8221; custom_css_contact_button=&#8221;padding-top: 19px!important;||    padding-right: 64px!important;||    padding-bottom: 19px!important;||    padding-left: 64px!important;||margin-left:auto;||margin-right:auto;&#8221; custom_css_contact_fields=&#8221;border: 1px solid #E5E3E3;||border-radius: 7px;&#8221; custom_css_text_field=&#8221;border: 1px solid #E5E3E3;||border-radius: 7px;&#8221; form_background_color=&#8221;rgba(0,0,0,0)&#8221; global_colors_info=&#8221;{}&#8221;][et_pb_contact_field field_id=&#8221;email&#8221; field_title=&#8221;Business e-mail address&#8230;&#8221; field_type=&#8221;email&#8221; fullwidth_field=&#8221;on&#8221; _builder_version=&#8221;4.16&#8243; form_field_font=&#8221;||||||||&#8221; global_colors_info=&#8221;{}&#8221; button_text_size__hover_enabled=&#8221;off&#8221; button_one_text_size__hover_enabled=&#8221;off&#8221; button_two_text_size__hover_enabled=&#8221;off&#8221; button_text_color__hover_enabled=&#8221;off&#8221; button_one_text_color__hover_enabled=&#8221;off&#8221; button_two_text_color__hover_enabled=&#8221;off&#8221; button_border_width__hover_enabled=&#8221;off&#8221; button_one_border_width__hover_enabled=&#8221;off&#8221; button_two_border_width__hover_enabled=&#8221;off&#8221; button_border_color__hover_enabled=&#8221;off&#8221; button_one_border_color__hover_enabled=&#8221;off&#8221; button_two_border_color__hover_enabled=&#8221;off&#8221; button_border_radius__hover_enabled=&#8221;off&#8221; button_one_border_radius__hover_enabled=&#8221;off&#8221; button_two_border_radius__hover_enabled=&#8221;off&#8221; button_letter_spacing__hover_enabled=&#8221;off&#8221; button_one_letter_spacing__hover_enabled=&#8221;off&#8221; button_two_letter_spacing__hover_enabled=&#8221;off&#8221; button_bg_color__hover_enabled=&#8221;off&#8221; button_one_bg_color__hover_enabled=&#8221;off&#8221; button_two_bg_color__hover_enabled=&#8221;off&#8221;][\/et_pb_contact_field][et_pb_contact_field field_id=&#8221;message&#8221; field_title=&#8221;Your message&#8230;&#8221; field_type=&#8221;text&#8221; fullwidth_field=&#8221;on&#8221; _builder_version=&#8221;4.16&#8243; global_colors_info=&#8221;{}&#8221; button_text_size__hover_enabled=&#8221;off&#8221; button_one_text_size__hover_enabled=&#8221;off&#8221; button_two_text_size__hover_enabled=&#8221;off&#8221; button_text_color__hover_enabled=&#8221;off&#8221; button_one_text_color__hover_enabled=&#8221;off&#8221; button_two_text_color__hover_enabled=&#8221;off&#8221; button_border_width__hover_enabled=&#8221;off&#8221; button_one_border_width__hover_enabled=&#8221;off&#8221; button_two_border_width__hover_enabled=&#8221;off&#8221; button_border_color__hover_enabled=&#8221;off&#8221; button_one_border_color__hover_enabled=&#8221;off&#8221; button_two_border_color__hover_enabled=&#8221;off&#8221; button_border_radius__hover_enabled=&#8221;off&#8221; button_one_border_radius__hover_enabled=&#8221;off&#8221; button_two_border_radius__hover_enabled=&#8221;off&#8221; button_letter_spacing__hover_enabled=&#8221;off&#8221; button_one_letter_spacing__hover_enabled=&#8221;off&#8221; button_two_letter_spacing__hover_enabled=&#8221;off&#8221; button_bg_color__hover_enabled=&#8221;off&#8221; button_one_bg_color__hover_enabled=&#8221;off&#8221; button_two_bg_color__hover_enabled=&#8221;off&#8221;][\/et_pb_contact_field][et_pb_contact_field field_id=&#8221;Checkbox&#8221; field_title=&#8221; &#8221; field_type=&#8221;checkbox&#8221; checkbox_options=&#8221;%91{%22value%22:%22I hereby consent to receiving commercial information via e-mail at the above given e-mail address, within the meaning of article 10(1) of the Act of 18 July 2002 on Rendering Electronic Services, from Kreatol Klaudia Tolman, ul. Anieli Krzywo\u0144 6\/129, 01-391 Warsaw, NIP: 522-273-32-08%22,%22checked%22:0,%22dragID%22:-1}%93&#8243; fullwidth_field=&#8221;on&#8221; _builder_version=&#8221;4.16&#8243; form_field_font=&#8221;||||||||&#8221; text_orientation=&#8221;center&#8221; custom_css_main_element=&#8221;font-weight: normal;&#8221; global_colors_info=&#8221;{}&#8221;][\/et_pb_contact_field][\/et_pb_contact_form][\/et_pb_column][et_pb_column type=&#8221;1_5&#8243; _builder_version=&#8221;4.16&#8243; custom_padding=&#8221;|||&#8221; global_colors_info=&#8221;{}&#8221; custom_padding__hover=&#8221;|||&#8221;][\/et_pb_column][\/et_pb_row][\/et_pb_section][et_pb_section fb_built=&#8221;1&#8243; admin_label=&#8221;Section&#8221; module_class=&#8221;section_divider_top_white blue&#8221; _builder_version=&#8221;4.16&#8243; background_color=&#8221;#fafafa&#8221; use_background_color_gradient=&#8221;on&#8221; background_color_gradient_stops=&#8221;#EFF5FA 0%|#F9FCFE 100%&#8221; background_color_gradient_start=&#8221;#EFF5FA&#8221; background_color_gradient_end=&#8221;#F9FCFE&#8221; background_color_gradient_stops_tablet=&#8221;#EFF5FA 0%|#F9FCFE 100%&#8221; background_color_gradient_stops_phone=&#8221;#EFF5FA 0%|#F9FCFE 100%&#8221; da_disable_devices=&#8221;off|off|off&#8221; global_module=&#8221;3620&#8243; global_colors_info=&#8221;{}&#8221; da_is_popup=&#8221;off&#8221; da_exit_intent=&#8221;off&#8221; da_has_close=&#8221;on&#8221; da_alt_close=&#8221;off&#8221; da_dark_close=&#8221;off&#8221; da_not_modal=&#8221;on&#8221; da_is_singular=&#8221;off&#8221; da_with_loader=&#8221;off&#8221; da_has_shadow=&#8221;on&#8221;][et_pb_row _builder_version=&#8221;4.16&#8243; global_colors_info=&#8221;{}&#8221;][et_pb_column type=&#8221;4_4&#8243; _builder_version=&#8221;4.16&#8243; custom_padding=&#8221;|||&#8221; global_colors_info=&#8221;{}&#8221; custom_padding__hover=&#8221;|||&#8221;][et_pb_text _builder_version=&#8221;4.27.4&#8243; custom_padding=&#8221;0px|||||&#8221; global_colors_info=&#8221;{}&#8221;]<\/p>\n<h2 style=\"text-align: center;\">And if you want to know more before you decide,<\/h2>\n<p style=\"text-align: center;\">see our text and visual materials\u2026<\/p>\n<p>&nbsp;<\/p>\n<p>[\/et_pb_text][\/et_pb_column][\/et_pb_row][et_pb_row module_class=&#8221;button-row&#8221; _builder_version=&#8221;4.16&#8243; global_colors_info=&#8221;{}&#8221;][et_pb_column type=&#8221;4_4&#8243; _builder_version=&#8221;4.16&#8243; custom_padding=&#8221;|||&#8221; global_colors_info=&#8221;{}&#8221; custom_padding__hover=&#8221;|||&#8221;][et_pb_button button_url=&#8221;https:\/\/explainvisually.co\/en\/knowledge\/&#8221; url_new_window=&#8221;on&#8221; button_text=&#8221;Visit ExplainED Visually \u2013 our Blog&#8221; button_alignment=&#8221;center&#8221; _builder_version=&#8221;4.16&#8243; custom_button=&#8221;on&#8221; button_text_size=&#8221;16px&#8221; button_text_color=&#8221;#ffffff&#8221; button_bg_color=&#8221;#34A7CA&#8221; button_border_radius=&#8221;35px&#8221; button_font=&#8221;||||||||&#8221; button_use_icon=&#8221;off&#8221; background_layout=&#8221;dark&#8221; custom_padding=&#8221;19px|64px|19px|64px&#8221; custom_padding_tablet=&#8221;&#8221; custom_padding_phone=&#8221;|25px||25px&#8221; custom_padding_last_edited=&#8221;on|phone&#8221; global_colors_info=&#8221;{}&#8221;][\/et_pb_button][\/et_pb_column][\/et_pb_row][\/et_pb_section]<\/p>\n","protected":false},"excerpt":{"rendered":"<p>We\u2019ve produced visual support for the biggest corporations. Unfortunately, most of it we can\u2019t share it with you because of NDAs. Boards choose that form for three reasons: Graphic Recording helps make better decisions. Graphic Recorder organizes and summarizes the whole discussion on a given topic so that the board may get a full picture [&hellip;]<\/p>\n","protected":false},"author":2,"featured_media":0,"parent":0,"menu_order":0,"comment_status":"closed","ping_status":"closed","template":"","meta":{"_et_pb_use_builder":"on","_et_pb_old_content":"<!-- wp:paragraph -->\r\n<p>Realizowali\u015bmy wsparcie wizualne dla najwi\u0119kszych korporacji. Niestety wi\u0119kszo\u015bci zapis\u00f3w klient\u00f3w nie mo\u017cemy udost\u0119pnia\u0107 ze wzgl\u0119du na NDA.<\/p>\r\n<!-- \/wp:paragraph -->\r\n\r\n<!-- wp:image {\"id\":1173} -->\r\n<figure class=\"wp-block-image\"><img src=\"https:\/\/explainvisually.co\/wp-content\/uploads\/2019\/07\/2017.09.26-Ambasada-USA-plansza-Amb.USA-1_FIN-1-1024x466.jpg\" alt=\"\" class=\"wp-image-1173\"\/><figcaption><em>Przyk\u0142ad zapisu graficznego z warsztatu klienta<\/em><\/figcaption><\/figure>\r\n<!-- \/wp:image -->\r\n\r\n<!-- wp:paragraph -->\r\n<p>Zarz\u0105dy wybieraj\u0105 ten format z trzech powod\u00f3w:<\/p>\r\n<!-- \/wp:paragraph -->\r\n\r\n<!-- wp:list -->\r\n<ul><li>Graphic Recording\u00a0pomaga podejmowa\u0107 <strong>lepsze decyzje<\/strong>.<\/li><\/ul>\r\n<!-- \/wp:list -->\r\n\r\n<!-- wp:paragraph -->\r\n<p>Graphic Recorder porz\u0105dkuje i podsumowuje ca\u0142\u0105 dyskusje na dany temat, dzi\u0119ki czemu Zesp\u00f3\u0142 zyskuje pe\u0142en obraz sytuacji. Zbli\u017ca ich to do wa\u017cnych wniosk\u00f3w oraz  pozwala podj\u0105\u0107 najlepsz\u0105 mo\u017cliw\u0105 decyzj\u0119 nt. strategii, produktu czy komunikacji.<\/p>\r\n<!-- \/wp:paragraph -->\r\n\r\n<!-- wp:paragraph -->\r\n<p><Ilustracja pokazuj\u0105ca wiele w\u0105tk\u00f3w zebranych><\/p>\r\n<!-- \/wp:paragraph -->\r\n\r\n<!-- wp:paragraph -->\r\n<p><\/p>\r\n<!-- \/wp:paragraph -->\r\n\r\n<!-- wp:list -->\r\n<ul><li>Spotkanie zyskuje na\u00a0<strong>produktywno\u015bci<\/strong>.\u00a0<\/li><\/ul>\r\n<!-- \/wp:list -->\r\n\r\n<!-- wp:paragraph -->\r\n<p>Uczestnicy patrz\u0105c na graphic recording widz\u0105 co zosta\u0142o ju\u017c om\u00f3wione i dok\u0105d zmierza dyskusja. Poniewa\u017c ich wypowiedzi s\u0105 zapisywane, zach\u0119ca ich to do brania udzia\u0142u w rozmowie.  Poza tym s\u0105 stymulowani na dodatkowym poziomie -  wizualnym. Dzi\u0119ki temu nie tylko s\u0105 bardziej zaanga\u017cowani, ale r\u00f3wnie\u017c patrz\u0105 na temat z nowej, kreatywnej strony.  <\/p>\r\n<!-- \/wp:paragraph -->\r\n\r\n<!-- wp:paragraph -->\r\n<p><ilustracja pokazuj\u0105ca zwyk\u0142e has\u0142o biznesowe a obok wizualka><\/p>\r\n<!-- \/wp:paragraph -->\r\n\r\n<!-- wp:paragraph -->\r\n<p><\/p>\r\n<!-- \/wp:paragraph -->\r\n\r\n<!-- wp:list -->\r\n<ul><li>Tre\u015bci wizualne s\u0105 przez ludzi\u00a0<strong>zapami\u0119tywane na d\u0142u\u017cej<\/strong>.<\/li><\/ul>\r\n<!-- \/wp:list -->\r\n\r\n<!-- wp:paragraph -->\r\n<p>Dzi\u0119ki temu spotkanie zostanie na d\u0142u\u017cej w g\u0142owach odbiorc\u00f3w. Graphic Recording sfotografowany i spakowany do PDF mo\u017ce r\u00f3wnie\u017c s\u0142u\u017cy\u0107 jako\u00a0notatka podsumowuj\u0105ca spotkanie.<\/p>\r\n<!-- \/wp:paragraph -->\r\n\r\n<!-- wp:paragraph -->\r\n<p><Wizualizacja><\/p>\r\n<!-- \/wp:paragraph -->\r\n\r\n<!-- wp:paragraph -->\r\n<p><\/p>\r\n<!-- \/wp:paragraph -->\r\n\r\n<!-- wp:paragraph -->\r\n<p>Je\u017celi temat jest interesuj\u0105cy, polecamy poczyta\u0107\u00a0wi\u0119cej o Graphic Recordingu i Facylitacji <link - <a href=\"https:\/\/explainvisually.co\/czym-jest-graphic-recording-i-graphic-facilitation\/\">https:\/\/explainvisually.co\/czym-jest-graphic-recording-i-graphic-facilitation\/<\/a>><\/p>\r\n<!-- \/wp:paragraph -->\r\n\r\n<!-- wp:paragraph -->\r\n<p>Je\u017celi ju\u017c teraz chcia\u0142by\u015b zobaczy\u0107, co mo\u017cemy dla Ciebie zrobi\u0107, zapraszamy do kontaktu. link - <a href=\"https:\/\/explainvisually.co\/kontakt\/\">https:\/\/explainvisually.co\/kontakt\/<\/a> <\/p>\r\n<!-- \/wp:paragraph -->","_et_gb_content_width":"","inline_featured_image":false,"footnotes":""},"class_list":["post-3035","page","type-page","status-publish","hentry"],"yoast_head":"<!-- This site is optimized with the Yoast SEO plugin v27.0 - https:\/\/yoast.com\/product\/yoast-seo-wordpress\/ -->\n<title>Graphic Recording and strategy workshops for boards<\/title>\n<meta name=\"description\" content=\"Strategy workshop is a service designed particularly for the boards. It helps to make sure that the decisions are made clearly and rationally.\" \/>\n<meta name=\"robots\" content=\"index, follow, max-snippet:-1, max-image-preview:large, max-video-preview:-1\" \/>\n<link rel=\"canonical\" href=\"https:\/\/explainvisually.co\/en\/graphic-recording-strategy-workshops-boards\/\" \/>\n<meta property=\"og:locale\" content=\"en_US\" \/>\n<meta property=\"og:type\" content=\"article\" \/>\n<meta property=\"og:title\" content=\"Graphic Recording and strategy workshops for boards\" \/>\n<meta property=\"og:description\" content=\"Strategy workshop is a service designed particularly for the boards. It helps to make sure that the decisions are made clearly and rationally.\" \/>\n<meta property=\"og:url\" content=\"https:\/\/explainvisually.co\/en\/graphic-recording-strategy-workshops-boards\/\" \/>\n<meta property=\"og:site_name\" content=\"Explain Visually\" \/>\n<meta property=\"article:modified_time\" content=\"2025-05-19T11:43:43+00:00\" \/>\n<meta name=\"twitter:card\" content=\"summary_large_image\" \/>\n<meta name=\"twitter:label1\" content=\"Est. reading time\" \/>\n\t<meta name=\"twitter:data1\" content=\"2 minutes\" \/>\n<script type=\"application\/ld+json\" class=\"yoast-schema-graph\">{\"@context\":\"https:\/\/schema.org\",\"@graph\":[{\"@type\":\"WebPage\",\"@id\":\"https:\/\/explainvisually.co\/en\/graphic-recording-strategy-workshops-boards\/\",\"url\":\"https:\/\/explainvisually.co\/en\/graphic-recording-strategy-workshops-boards\/\",\"name\":\"Graphic Recording and strategy workshops for boards\",\"isPartOf\":{\"@id\":\"https:\/\/explainvisually.co\/en\/#website\"},\"datePublished\":\"2019-07-04T07:00:56+00:00\",\"dateModified\":\"2025-05-19T11:43:43+00:00\",\"description\":\"Strategy workshop is a service designed particularly for the boards. It helps to make sure that the decisions are made clearly and rationally.\",\"breadcrumb\":{\"@id\":\"https:\/\/explainvisually.co\/en\/graphic-recording-strategy-workshops-boards\/#breadcrumb\"},\"inLanguage\":\"en-US\",\"potentialAction\":[{\"@type\":\"ReadAction\",\"target\":[\"https:\/\/explainvisually.co\/en\/graphic-recording-strategy-workshops-boards\/\"]}]},{\"@type\":\"BreadcrumbList\",\"@id\":\"https:\/\/explainvisually.co\/en\/graphic-recording-strategy-workshops-boards\/#breadcrumb\",\"itemListElement\":[{\"@type\":\"ListItem\",\"position\":1,\"name\":\"Home\",\"item\":\"https:\/\/explainvisually.co\/en\/\"},{\"@type\":\"ListItem\",\"position\":2,\"name\":\"Graphic Recording and strategy workshops for boards\"}]},{\"@type\":\"WebSite\",\"@id\":\"https:\/\/explainvisually.co\/en\/#website\",\"url\":\"https:\/\/explainvisually.co\/en\/\",\"name\":\"Explain Visually\",\"description\":\"\",\"potentialAction\":[{\"@type\":\"SearchAction\",\"target\":{\"@type\":\"EntryPoint\",\"urlTemplate\":\"https:\/\/explainvisually.co\/en\/?s={search_term_string}\"},\"query-input\":{\"@type\":\"PropertyValueSpecification\",\"valueRequired\":true,\"valueName\":\"search_term_string\"}}],\"inLanguage\":\"en-US\"}]}<\/script>\n<!-- \/ Yoast SEO plugin. -->","yoast_head_json":{"title":"Graphic Recording and strategy workshops for boards","description":"Strategy workshop is a service designed particularly for the boards. It helps to make sure that the decisions are made clearly and rationally.","robots":{"index":"index","follow":"follow","max-snippet":"max-snippet:-1","max-image-preview":"max-image-preview:large","max-video-preview":"max-video-preview:-1"},"canonical":"https:\/\/explainvisually.co\/en\/graphic-recording-strategy-workshops-boards\/","og_locale":"en_US","og_type":"article","og_title":"Graphic Recording and strategy workshops for boards","og_description":"Strategy workshop is a service designed particularly for the boards. It helps to make sure that the decisions are made clearly and rationally.","og_url":"https:\/\/explainvisually.co\/en\/graphic-recording-strategy-workshops-boards\/","og_site_name":"Explain Visually","article_modified_time":"2025-05-19T11:43:43+00:00","twitter_card":"summary_large_image","twitter_misc":{"Est. reading time":"2 minutes"},"schema":{"@context":"https:\/\/schema.org","@graph":[{"@type":"WebPage","@id":"https:\/\/explainvisually.co\/en\/graphic-recording-strategy-workshops-boards\/","url":"https:\/\/explainvisually.co\/en\/graphic-recording-strategy-workshops-boards\/","name":"Graphic Recording and strategy workshops for boards","isPartOf":{"@id":"https:\/\/explainvisually.co\/en\/#website"},"datePublished":"2019-07-04T07:00:56+00:00","dateModified":"2025-05-19T11:43:43+00:00","description":"Strategy workshop is a service designed particularly for the boards. It helps to make sure that the decisions are made clearly and rationally.","breadcrumb":{"@id":"https:\/\/explainvisually.co\/en\/graphic-recording-strategy-workshops-boards\/#breadcrumb"},"inLanguage":"en-US","potentialAction":[{"@type":"ReadAction","target":["https:\/\/explainvisually.co\/en\/graphic-recording-strategy-workshops-boards\/"]}]},{"@type":"BreadcrumbList","@id":"https:\/\/explainvisually.co\/en\/graphic-recording-strategy-workshops-boards\/#breadcrumb","itemListElement":[{"@type":"ListItem","position":1,"name":"Home","item":"https:\/\/explainvisually.co\/en\/"},{"@type":"ListItem","position":2,"name":"Graphic Recording and strategy workshops for boards"}]},{"@type":"WebSite","@id":"https:\/\/explainvisually.co\/en\/#website","url":"https:\/\/explainvisually.co\/en\/","name":"Explain Visually","description":"","potentialAction":[{"@type":"SearchAction","target":{"@type":"EntryPoint","urlTemplate":"https:\/\/explainvisually.co\/en\/?s={search_term_string}"},"query-input":{"@type":"PropertyValueSpecification","valueRequired":true,"valueName":"search_term_string"}}],"inLanguage":"en-US"}]}},"_links":{"self":[{"href":"https:\/\/explainvisually.co\/en\/wp-json\/wp\/v2\/pages\/3035","targetHints":{"allow":["GET"]}}],"collection":[{"href":"https:\/\/explainvisually.co\/en\/wp-json\/wp\/v2\/pages"}],"about":[{"href":"https:\/\/explainvisually.co\/en\/wp-json\/wp\/v2\/types\/page"}],"author":[{"embeddable":true,"href":"https:\/\/explainvisually.co\/en\/wp-json\/wp\/v2\/users\/2"}],"replies":[{"embeddable":true,"href":"https:\/\/explainvisually.co\/en\/wp-json\/wp\/v2\/comments?post=3035"}],"version-history":[{"count":1,"href":"https:\/\/explainvisually.co\/en\/wp-json\/wp\/v2\/pages\/3035\/revisions"}],"predecessor-version":[{"id":26246,"href":"https:\/\/explainvisually.co\/en\/wp-json\/wp\/v2\/pages\/3035\/revisions\/26246"}],"wp:attachment":[{"href":"https:\/\/explainvisually.co\/en\/wp-json\/wp\/v2\/media?parent=3035"}],"curies":[{"name":"wp","href":"https:\/\/api.w.org\/{rel}","templated":true}]}}