{"id":3053,"date":"2019-07-04T09:02:48","date_gmt":"2019-07-04T07:02:48","guid":{"rendered":"https:\/\/explainvisually.co\/explainer-video-zarzady\/"},"modified":"2025-05-19T13:40:06","modified_gmt":"2025-05-19T11:40:06","slug":"explainer-videos-boards","status":"publish","type":"page","link":"https:\/\/explainvisually.co\/en\/explainer-videos-boards\/","title":{"rendered":"Explainer videos for boards"},"content":{"rendered":"<p>[et_pb_section fb_built=&#8221;1&#8243; _builder_version=&#8221;4.16&#8243; global_colors_info=&#8221;{}&#8221; da_is_popup=&#8221;off&#8221; da_exit_intent=&#8221;off&#8221; da_has_close=&#8221;on&#8221; da_alt_close=&#8221;off&#8221; da_dark_close=&#8221;off&#8221; da_not_modal=&#8221;on&#8221; da_is_singular=&#8221;off&#8221; da_with_loader=&#8221;off&#8221; da_has_shadow=&#8221;on&#8221; da_disable_devices=&#8221;off|off|off&#8221;][et_pb_row column_structure=&#8221;1_5,3_5,1_5&#8243; _builder_version=&#8221;4.16&#8243; global_colors_info=&#8221;{}&#8221;][et_pb_column type=&#8221;1_5&#8243; _builder_version=&#8221;4.16&#8243; global_colors_info=&#8221;{}&#8221;][\/et_pb_column][et_pb_column type=&#8221;3_5&#8243; _builder_version=&#8221;4.16&#8243; global_colors_info=&#8221;{}&#8221;][et_pb_text _builder_version=&#8221;4.16&#8243; global_colors_info=&#8221;{}&#8221;]<\/p>\n<p lang=\"en-GB\" class=\"western\">Explainer video animations can fast and simply clear up complex ideas.<\/p>\n<p lang=\"en-GB\" class=\"western\">A movie like this works basically like a teacher by the blackboard, unfolding layers of a complicated problem. The difference is \u2013 the movie can be sent to a whole company at once. And we can be sure that nothing will be twisted or misinterpreted.<\/p>\n<p lang=\"en-GB\" class=\"western\">The animation is much <b>more dynamic<\/b> than a PowerPoint presentation,<\/p>\n<p lang=\"en-GB\" class=\"western\">and the viewers are more willing to follow it.<\/p>\n<p lang=\"en-GB\" class=\"western\">Thanks to the well-thought structure of the script, the acting of the voiceover artist, and the visual layer, <b>animations get your attention and keep it. They\u2019re memorable<\/b>.<\/p>\n<p>[\/et_pb_text][\/et_pb_column][et_pb_column type=&#8221;1_5&#8243; _builder_version=&#8221;4.16&#8243; global_colors_info=&#8221;{}&#8221;][\/et_pb_column][\/et_pb_row][et_pb_row _builder_version=&#8221;4.16&#8243; global_colors_info=&#8221;{}&#8221;][et_pb_column type=&#8221;4_4&#8243; _builder_version=&#8221;4.16&#8243; global_colors_info=&#8221;{}&#8221;][et_pb_image src=&#8221;https:\/\/explainvisually.co\/wp-content\/uploads\/2019\/06\/image.jpeg&#8221; _builder_version=&#8221;4.16&#8243; global_colors_info=&#8221;{}&#8221;][\/et_pb_image][\/et_pb_column][\/et_pb_row][et_pb_row column_structure=&#8221;1_5,3_5,1_5&#8243; _builder_version=&#8221;4.16&#8243; global_colors_info=&#8221;{}&#8221;][et_pb_column type=&#8221;1_5&#8243; _builder_version=&#8221;4.16&#8243; global_colors_info=&#8221;{}&#8221;][\/et_pb_column][et_pb_column type=&#8221;3_5&#8243; _builder_version=&#8221;4.16&#8243; global_colors_info=&#8221;{}&#8221;][et_pb_text _builder_version=&#8221;4.16&#8243; global_colors_info=&#8221;{}&#8221;]<\/p>\n<p>&nbsp;<\/p>\n<p lang=\"en-GB\" class=\"western\">In our video productions, we use the client\u2019s guidelines regarding their aims, preferred style, characters, and slogans. Through the whole process, we provide consulting, helping them, with <b>our experience based on over 200 projects<\/b>, create animations that they desire.<\/p>\n<p>&nbsp;<\/p>\n<h3>Some of the topics we have done projects on:<\/h3>\n<p><!-- \/divi:heading --> <!-- divi:list --><\/p>\n<ul>\n<li>IKEA: How to understandably <strong>pass on<\/strong> a new strategy to employees in the USA, Poland, and China?<\/li>\n<li>Orange: How to <strong>encourage<\/strong> employees to use the new IT systems?<\/li>\n<li>Credit Agricole: How to <strong>educate<\/strong> employees on the new rules of holding the meetings?<\/li>\n<\/ul>\n<p>&nbsp;<\/p>\n<p><strong>One of our animations for IKEA:<\/strong><\/p>\n<p>[\/et_pb_text][\/et_pb_column][et_pb_column type=&#8221;1_5&#8243; _builder_version=&#8221;4.16&#8243; global_colors_info=&#8221;{}&#8221;][\/et_pb_column][\/et_pb_row][et_pb_row _builder_version=&#8221;4.16&#8243; global_colors_info=&#8221;{}&#8221;][et_pb_column type=&#8221;4_4&#8243; _builder_version=&#8221;4.16&#8243; global_colors_info=&#8221;{}&#8221;][et_pb_video src=&#8221;https:\/\/youtu.be\/AgvpqO1siM4&#8243; _builder_version=&#8221;4.16&#8243; global_colors_info=&#8221;{}&#8221;][\/et_pb_video][\/et_pb_column][\/et_pb_row][\/et_pb_section][et_pb_section fb_built=&#8221;1&#8243; module_class=&#8221;section_divider_top_white &#8221; _builder_version=&#8221;4.16&#8243; use_background_color_gradient=&#8221;on&#8221; background_color_gradient_stops=&#8221;#eff5fa 0%|#ffffff 100%&#8221; background_color_gradient_start=&#8221;#eff5fa&#8221; background_color_gradient_end=&#8221;#ffffff&#8221; saved_tabs=&#8221;all&#8221; global_colors_info=&#8221;{}&#8221; da_is_popup=&#8221;off&#8221; da_exit_intent=&#8221;off&#8221; da_has_close=&#8221;on&#8221; da_alt_close=&#8221;off&#8221; da_dark_close=&#8221;off&#8221; da_not_modal=&#8221;on&#8221; da_is_singular=&#8221;off&#8221; da_with_loader=&#8221;off&#8221; da_has_shadow=&#8221;on&#8221; da_disable_devices=&#8221;off|off|off&#8221;][et_pb_row _builder_version=&#8221;4.16&#8243; global_colors_info=&#8221;{}&#8221;][et_pb_column type=&#8221;4_4&#8243; _builder_version=&#8221;4.16&#8243; custom_padding=&#8221;|||&#8221; global_colors_info=&#8221;{}&#8221; custom_padding__hover=&#8221;|||&#8221;][et_pb_text _builder_version=&#8221;4.16&#8243; global_colors_info=&#8221;{}&#8221;]<\/p>\n<h2 style=\"text-align: center;\">Contact us<\/h2>\n<p style=\"text-align: center;\">We will advise you and answer all your questions.<\/p>\n<p>[\/et_pb_text][\/et_pb_column][\/et_pb_row][et_pb_row column_structure=&#8221;1_5,3_5,1_5&#8243; _builder_version=&#8221;4.16&#8243; global_colors_info=&#8221;{}&#8221;][et_pb_column type=&#8221;1_5&#8243; _builder_version=&#8221;4.16&#8243; custom_padding=&#8221;|||&#8221; global_colors_info=&#8221;{}&#8221; custom_padding__hover=&#8221;|||&#8221;][\/et_pb_column][et_pb_column type=&#8221;3_5&#8243; _builder_version=&#8221;4.16&#8243; custom_padding=&#8221;|||&#8221; global_colors_info=&#8221;{}&#8221; custom_padding__hover=&#8221;|||&#8221;][et_pb_code _builder_version=&#8221;4.16&#8243; global_colors_info=&#8221;{}&#8221;]<\/p>\n<div class=\"contact-boxes\"><!-- [et_pb_line_break_holder] -->  <\/p>\n<div class=\"contact-mail\"><!-- [et_pb_line_break_holder] -->    <i class=\"fa fa-envelope-o\"><\/i><!-- [et_pb_line_break_holder] -->    <a href=\"mailTo:hello@explainvisually.co\">hello@explainvisually.co<\/a><!-- [et_pb_line_break_holder] -->  <\/div>\n<p><!-- [et_pb_line_break_holder] -->    <\/p>\n<div class=\"contact-phone\"><!-- [et_pb_line_break_holder] -->    <i class=\"fa fa-phone\"><\/i><!-- [et_pb_line_break_holder] -->    <a href=\"tel.:+48 607 300 250\">+48 607 300 250<\/a><!-- [et_pb_line_break_holder] -->  <\/div>\n<p><!-- [et_pb_line_break_holder] --><\/div>\n<p>[\/et_pb_code][et_pb_contact_form email=&#8221;czesc@explainvisually.pl&#8221; custom_message=&#8221;%%email%%||et_pb_line_break_holder||%%message%%&#8221; success_message=&#8221;The message has been sent&#8221; submit_button_text=&#8221;Send the message&#8221; _builder_version=&#8221;4.16&#8243; _unique_id=&#8221;c489724d-e845-41a7-9f81-7e18f8aefefa&#8221; form_field_background_color=&#8221;rgba(0,0,0,0)&#8221; form_field_text_color=&#8221;#8E9EA9&#8243; captcha_font=&#8221;||||||||&#8221; form_field_font=&#8221;||||||||&#8221; custom_button=&#8221;on&#8221; button_text_size=&#8221;16px&#8221; button_text_color=&#8221;#ffffff&#8221; button_bg_color=&#8221;#34A7CA&#8221; button_border_width=&#8221;0px&#8221; button_border_radius=&#8221;35px&#8221; button_font=&#8221;||||||||&#8221; button_use_icon=&#8221;off&#8221; custom_css_contact_button=&#8221;padding-top: 19px!important;||    padding-right: 64px!important;||    padding-bottom: 19px!important;||    padding-left: 64px!important;||margin-left:auto;||margin-right:auto;&#8221; custom_css_contact_fields=&#8221;border: 1px solid #E5E3E3;||border-radius: 7px;&#8221; custom_css_text_field=&#8221;border: 1px solid #E5E3E3;||border-radius: 7px;&#8221; form_background_color=&#8221;rgba(0,0,0,0)&#8221; global_colors_info=&#8221;{}&#8221;][et_pb_contact_field field_id=&#8221;email&#8221; field_title=&#8221;Business e-mail address&#8230;&#8221; field_type=&#8221;email&#8221; fullwidth_field=&#8221;on&#8221; _builder_version=&#8221;4.16&#8243; form_field_font=&#8221;||||||||&#8221; global_colors_info=&#8221;{}&#8221; button_text_size__hover_enabled=&#8221;off&#8221; button_one_text_size__hover_enabled=&#8221;off&#8221; button_two_text_size__hover_enabled=&#8221;off&#8221; button_text_color__hover_enabled=&#8221;off&#8221; button_one_text_color__hover_enabled=&#8221;off&#8221; button_two_text_color__hover_enabled=&#8221;off&#8221; button_border_width__hover_enabled=&#8221;off&#8221; button_one_border_width__hover_enabled=&#8221;off&#8221; button_two_border_width__hover_enabled=&#8221;off&#8221; button_border_color__hover_enabled=&#8221;off&#8221; button_one_border_color__hover_enabled=&#8221;off&#8221; button_two_border_color__hover_enabled=&#8221;off&#8221; button_border_radius__hover_enabled=&#8221;off&#8221; button_one_border_radius__hover_enabled=&#8221;off&#8221; button_two_border_radius__hover_enabled=&#8221;off&#8221; button_letter_spacing__hover_enabled=&#8221;off&#8221; button_one_letter_spacing__hover_enabled=&#8221;off&#8221; button_two_letter_spacing__hover_enabled=&#8221;off&#8221; button_bg_color__hover_enabled=&#8221;off&#8221; button_one_bg_color__hover_enabled=&#8221;off&#8221; button_two_bg_color__hover_enabled=&#8221;off&#8221;][\/et_pb_contact_field][et_pb_contact_field field_id=&#8221;message&#8221; field_title=&#8221;Your message&#8230;&#8221; field_type=&#8221;text&#8221; fullwidth_field=&#8221;on&#8221; _builder_version=&#8221;4.16&#8243; global_colors_info=&#8221;{}&#8221; button_text_size__hover_enabled=&#8221;off&#8221; button_one_text_size__hover_enabled=&#8221;off&#8221; button_two_text_size__hover_enabled=&#8221;off&#8221; button_text_color__hover_enabled=&#8221;off&#8221; button_one_text_color__hover_enabled=&#8221;off&#8221; button_two_text_color__hover_enabled=&#8221;off&#8221; button_border_width__hover_enabled=&#8221;off&#8221; button_one_border_width__hover_enabled=&#8221;off&#8221; button_two_border_width__hover_enabled=&#8221;off&#8221; button_border_color__hover_enabled=&#8221;off&#8221; button_one_border_color__hover_enabled=&#8221;off&#8221; button_two_border_color__hover_enabled=&#8221;off&#8221; button_border_radius__hover_enabled=&#8221;off&#8221; button_one_border_radius__hover_enabled=&#8221;off&#8221; button_two_border_radius__hover_enabled=&#8221;off&#8221; button_letter_spacing__hover_enabled=&#8221;off&#8221; button_one_letter_spacing__hover_enabled=&#8221;off&#8221; button_two_letter_spacing__hover_enabled=&#8221;off&#8221; button_bg_color__hover_enabled=&#8221;off&#8221; button_one_bg_color__hover_enabled=&#8221;off&#8221; button_two_bg_color__hover_enabled=&#8221;off&#8221;][\/et_pb_contact_field][et_pb_contact_field field_id=&#8221;Checkbox&#8221; field_title=&#8221; &#8221; field_type=&#8221;checkbox&#8221; checkbox_options=&#8221;%91{%22value%22:%22I hereby consent to receiving commercial information via e-mail at the above given e-mail address, within the meaning of article 10(1) of the Act of 18 July 2002 on Rendering Electronic Services, from Kreatol Klaudia Tolman, ul. Anieli Krzywo\u0144 6\/129, 01-391 Warsaw, NIP: 522-273-32-08%22,%22checked%22:0,%22dragID%22:-1}%93&#8243; fullwidth_field=&#8221;on&#8221; _builder_version=&#8221;4.16&#8243; form_field_font=&#8221;||||||||&#8221; text_orientation=&#8221;center&#8221; custom_css_main_element=&#8221;font-weight: normal;&#8221; global_colors_info=&#8221;{}&#8221;][\/et_pb_contact_field][\/et_pb_contact_form][\/et_pb_column][et_pb_column type=&#8221;1_5&#8243; _builder_version=&#8221;4.16&#8243; custom_padding=&#8221;|||&#8221; global_colors_info=&#8221;{}&#8221; custom_padding__hover=&#8221;|||&#8221;][\/et_pb_column][\/et_pb_row][\/et_pb_section][et_pb_section fb_built=&#8221;1&#8243; admin_label=&#8221;Section&#8221; module_class=&#8221;section_divider_top_white blue&#8221; _builder_version=&#8221;4.16&#8243; background_color=&#8221;#fafafa&#8221; use_background_color_gradient=&#8221;on&#8221; background_color_gradient_stops=&#8221;#EFF5FA 0%|#F9FCFE 100%&#8221; background_color_gradient_start=&#8221;#EFF5FA&#8221; background_color_gradient_end=&#8221;#F9FCFE&#8221; background_color_gradient_stops_tablet=&#8221;#EFF5FA 0%|#F9FCFE 100%&#8221; background_color_gradient_stops_phone=&#8221;#EFF5FA 0%|#F9FCFE 100%&#8221; da_disable_devices=&#8221;off|off|off&#8221; global_module=&#8221;3620&#8243; global_colors_info=&#8221;{}&#8221; da_is_popup=&#8221;off&#8221; da_exit_intent=&#8221;off&#8221; da_has_close=&#8221;on&#8221; da_alt_close=&#8221;off&#8221; da_dark_close=&#8221;off&#8221; da_not_modal=&#8221;on&#8221; da_is_singular=&#8221;off&#8221; da_with_loader=&#8221;off&#8221; da_has_shadow=&#8221;on&#8221;][et_pb_row _builder_version=&#8221;4.16&#8243; global_colors_info=&#8221;{}&#8221;][et_pb_column type=&#8221;4_4&#8243; _builder_version=&#8221;4.16&#8243; custom_padding=&#8221;|||&#8221; global_colors_info=&#8221;{}&#8221; custom_padding__hover=&#8221;|||&#8221;][et_pb_text _builder_version=&#8221;4.27.4&#8243; custom_padding=&#8221;0px|||||&#8221; global_colors_info=&#8221;{}&#8221;]<\/p>\n<h2 style=\"text-align: center;\">And if you want to know more before you decide,<\/h2>\n<p style=\"text-align: center;\">see our text and visual materials\u2026<\/p>\n<p>&nbsp;<\/p>\n<p>[\/et_pb_text][\/et_pb_column][\/et_pb_row][et_pb_row module_class=&#8221;button-row&#8221; _builder_version=&#8221;4.16&#8243; global_colors_info=&#8221;{}&#8221;][et_pb_column type=&#8221;4_4&#8243; _builder_version=&#8221;4.16&#8243; custom_padding=&#8221;|||&#8221; global_colors_info=&#8221;{}&#8221; custom_padding__hover=&#8221;|||&#8221;][et_pb_button button_url=&#8221;https:\/\/explainvisually.co\/en\/knowledge\/&#8221; url_new_window=&#8221;on&#8221; button_text=&#8221;Visit ExplainED Visually \u2013 our Blog&#8221; button_alignment=&#8221;center&#8221; _builder_version=&#8221;4.16&#8243; custom_button=&#8221;on&#8221; button_text_size=&#8221;16px&#8221; button_text_color=&#8221;#ffffff&#8221; button_bg_color=&#8221;#34A7CA&#8221; button_border_radius=&#8221;35px&#8221; button_font=&#8221;||||||||&#8221; button_use_icon=&#8221;off&#8221; background_layout=&#8221;dark&#8221; custom_padding=&#8221;19px|64px|19px|64px&#8221; custom_padding_tablet=&#8221;&#8221; custom_padding_phone=&#8221;|25px||25px&#8221; custom_padding_last_edited=&#8221;on|phone&#8221; global_colors_info=&#8221;{}&#8221;][\/et_pb_button][\/et_pb_column][\/et_pb_row][\/et_pb_section]<\/p>\n","protected":false},"excerpt":{"rendered":"<p>Explainer video animations can fast and simply clear up complex ideas. A movie like this works basically like a teacher by the blackboard, unfolding layers of a complicated problem. The difference is \u2013 the movie can be sent to a whole company at once. And we can be sure that nothing will be twisted or [&hellip;]<\/p>\n","protected":false},"author":2,"featured_media":0,"parent":0,"menu_order":0,"comment_status":"closed","ping_status":"closed","template":"","meta":{"_et_pb_use_builder":"on","_et_pb_old_content":"<!-- wp:paragraph -->\r\n<p><br>Animacje explainer video w szybki i prosty spos\u00f3b wyja\u015bniaj\u0105 z\u0142o\u017cone tematy.<\/p>\r\n<!-- \/wp:paragraph -->\r\n\r\n<!-- wp:paragraph -->\r\n<p>Taki film pe\u0142ni t\u0119 sam\u0105 funkcj\u0119, co cz\u0142owiek stoj\u0105cy przy tablicy i t\u0142umacz\u0105cy odbiorcom co\u015b skomplikowanego. R\u00f3\u017cnica polega na tym, \u017ce animacj\u0119 - w przeciwie\u0144stwie do cz\u0142owieka - mo\u017cna wys\u0142a\u0107 do ca\u0142ej firmy. I mamy pewno\u015b\u0107, \u017ce nic nie zostanie przekr\u0119cone.<\/p>\r\n<!-- \/wp:paragraph -->\r\n\r\n<!-- wp:paragraph -->\r\n<p>Animacja jest du\u017co\u00a0<strong>bardziej dynamiczna<\/strong>\u00a0ni\u017c przygotowany wcze\u015bniej PowerPoint, dzi\u0119ki czemu odbiorca ch\u0119tniej j\u0105 \u015bledzi.<\/p>\r\n<!-- \/wp:paragraph -->\r\n\r\n<!-- wp:paragraph -->\r\n<p>Dzi\u0119ki odpowiedniej konstrukcji scenariusza, grze aktorkiej lektora i wizualizacjom,\u00a0<strong>animacja przyci\u0105ga uwag\u0119 i zapada w pami\u0119\u0107 na d\u0142ugo<\/strong>.<\/p>\r\n<!-- \/wp:paragraph -->\r\n\r\n<!-- wp:paragraph -->\r\n<p><\/p>\r\n<!-- \/wp:paragraph -->\r\n\r\n<!-- wp:image {\"id\":946} -->\r\n<figure class=\"wp-block-image\"><img src=\"https:\/\/explainvisually.co\/wp-content\/uploads\/2019\/07\/image-1024x349.jpeg\" alt=\"\" class=\"wp-image-946\"\/><figcaption><em>Animacja pe\u0142ni t\u0119 sam\u0105\u00a0funkcj\u0119, co t\u0142umaczenie przy tablicy.<\/em><\/figcaption><\/figure>\r\n<!-- \/wp:image -->\r\n\r\n<!-- wp:paragraph -->\r\n<p><\/p>\r\n<!-- \/wp:paragraph -->\r\n\r\n<!-- wp:paragraph -->\r\n<p>W produkcjach video wykorzystujemy dostarczone przez Klienta wytyczne dot. celu, stylu filmu,\u00a0bohater\u00f3w oraz u\u017cywanych hase\u0142. W ca\u0142ym procesie pe\u0142nimy r\u00f3wnie\u017c funkcj\u0119 doradcz\u0105, pomagaj\u0105c \u2013 na podstawie\u00a0<strong>naszych do\u015bwiadcze\u0144 przy ponad 200 projektach<\/strong>\u2013 stworzy\u0107 wymarzon\u0105 animacj\u0119.<\/p>\r\n<!-- \/wp:paragraph -->\r\n\r\n<!-- wp:paragraph -->\r\n<p><\/p>\r\n<!-- \/wp:paragraph -->\r\n\r\n<!-- wp:heading {\"level\":3} -->\r\n<h3>Przyk\u0142adowe tematy naszych projekt\u00f3w<\/h3>\r\n<!-- \/wp:heading -->\r\n\r\n<!-- wp:list -->\r\n<ul><li>IKEA: Jak w zrozumia\u0142y spos\u00f3b\u00a0<strong>przekaza\u0107<\/strong>\u00a0now\u0105 strategi\u0119 pracownikom w USA, Polsce i Chinach?<\/li><li>Orange: Jak\u00a0<strong>zach\u0119ci\u0107<\/strong>\u00a0pracownik\u00f3w do korzystania z nowych system\u00f3w IT?<\/li><li>Credit Agricole: Jak\u00a0<strong>wyedukowa\u0107<\/strong>\u00a0pracownik\u00f3w z nowych procedur dot. odbywania spotka\u0144?<\/li><\/ul>\r\n<!-- \/wp:list -->\r\n\r\n<!-- wp:paragraph -->\r\n<p><\/p>\r\n<!-- \/wp:paragraph -->\r\n\r\n<!-- wp:core-embed\/youtube {\"url\":\"https:\/\/www.youtube.com\/watch?v=AgvpqO1siM4\\u0026feature=youtu.be\",\"type\":\"video\",\"providerNameSlug\":\"youtube\",\"className\":\"wp-embed-aspect-16-9 wp-has-aspect-ratio\"} -->\r\n<figure class=\"wp-block-embed-youtube wp-block-embed is-type-video is-provider-youtube wp-embed-aspect-16-9 wp-has-aspect-ratio\"><div class=\"wp-block-embed__wrapper\">\r\nhttps:\/\/www.youtube.com\/watch?v=AgvpqO1siM4&feature=youtu.be\r\n<\/div><figcaption><em>Jeden z pi\u0119ciu film\u00f3w, kt\u00f3re stworzyli\u015bmy dla zarz\u0105du IKEA GSS<\/em><\/figcaption><\/figure>\r\n<!-- \/wp:core-embed\/youtube -->\r\n\r\n<!-- wp:paragraph -->\r\n<p>Jeste\u015bmy dumni, \u017ce\u00a0<strong>100% (sto procent) naszych klient\u00f3w poleci\u0142oby nasze us\u0142ugi innym firmom,<\/strong>\u00a0wystawiaj\u0105c nam \u015bredni\u0105 ocen\u0119 4,8\/5\u00a0<em>(wyniki anonimowej ankiety przeprowadzonej w pa\u017adzierniku 2017r.).<\/em><\/p>\r\n<!-- \/wp:paragraph -->\r\n\r\n<!-- wp:paragraph -->\r\n<p><em>Chcesz wiedzie\u0107 wi\u0119cej? <\/em><\/p>\r\n<!-- \/wp:paragraph -->\r\n\r\n<!-- wp:paragraph -->\r\n<p>Zobacz Portfolio film\u00f3w, przeczytaj artyku\u0142 o explainer video lub skontaktuj si\u0119\u00a0z nami.<\/p>\r\n<!-- \/wp:paragraph -->","_et_gb_content_width":"","inline_featured_image":false,"footnotes":""},"class_list":["post-3053","page","type-page","status-publish","hentry"],"yoast_head":"<!-- This site is optimized with the Yoast SEO plugin v27.0 - https:\/\/yoast.com\/product\/yoast-seo-wordpress\/ -->\n<title>Explainer videos for boards | Explain Visually<\/title>\n<meta name=\"description\" content=\"High-level explainer videos that help boards grasp strategies, products, and complex ideas\u2014clear, fast, and decision-ready.\" \/>\n<meta name=\"robots\" content=\"index, follow, max-snippet:-1, max-image-preview:large, max-video-preview:-1\" \/>\n<link rel=\"canonical\" href=\"https:\/\/explainvisually.co\/en\/explainer-videos-boards\/\" \/>\n<meta property=\"og:locale\" content=\"en_US\" \/>\n<meta property=\"og:type\" content=\"article\" \/>\n<meta property=\"og:title\" content=\"Explainer videos for boards | Explain Visually\" \/>\n<meta property=\"og:description\" content=\"High-level explainer videos that help boards grasp strategies, products, and complex ideas\u2014clear, fast, and decision-ready.\" \/>\n<meta property=\"og:url\" content=\"https:\/\/explainvisually.co\/en\/explainer-videos-boards\/\" \/>\n<meta property=\"og:site_name\" content=\"Explain Visually\" \/>\n<meta property=\"article:modified_time\" content=\"2025-05-19T11:40:06+00:00\" \/>\n<meta name=\"twitter:card\" content=\"summary_large_image\" \/>\n<meta name=\"twitter:label1\" content=\"Est. reading time\" \/>\n\t<meta name=\"twitter:data1\" content=\"2 minutes\" \/>\n<script type=\"application\/ld+json\" class=\"yoast-schema-graph\">{\"@context\":\"https:\/\/schema.org\",\"@graph\":[{\"@type\":\"WebPage\",\"@id\":\"https:\/\/explainvisually.co\/en\/explainer-videos-boards\/\",\"url\":\"https:\/\/explainvisually.co\/en\/explainer-videos-boards\/\",\"name\":\"Explainer videos for boards | Explain Visually\",\"isPartOf\":{\"@id\":\"https:\/\/explainvisually.co\/en\/#website\"},\"datePublished\":\"2019-07-04T07:02:48+00:00\",\"dateModified\":\"2025-05-19T11:40:06+00:00\",\"description\":\"High-level explainer videos that help boards grasp strategies, products, and complex ideas\u2014clear, fast, and decision-ready.\",\"breadcrumb\":{\"@id\":\"https:\/\/explainvisually.co\/en\/explainer-videos-boards\/#breadcrumb\"},\"inLanguage\":\"en-US\",\"potentialAction\":[{\"@type\":\"ReadAction\",\"target\":[\"https:\/\/explainvisually.co\/en\/explainer-videos-boards\/\"]}]},{\"@type\":\"BreadcrumbList\",\"@id\":\"https:\/\/explainvisually.co\/en\/explainer-videos-boards\/#breadcrumb\",\"itemListElement\":[{\"@type\":\"ListItem\",\"position\":1,\"name\":\"Home\",\"item\":\"https:\/\/explainvisually.co\/en\/\"},{\"@type\":\"ListItem\",\"position\":2,\"name\":\"Explainer videos for boards\"}]},{\"@type\":\"WebSite\",\"@id\":\"https:\/\/explainvisually.co\/en\/#website\",\"url\":\"https:\/\/explainvisually.co\/en\/\",\"name\":\"Explain Visually\",\"description\":\"\",\"potentialAction\":[{\"@type\":\"SearchAction\",\"target\":{\"@type\":\"EntryPoint\",\"urlTemplate\":\"https:\/\/explainvisually.co\/en\/?s={search_term_string}\"},\"query-input\":{\"@type\":\"PropertyValueSpecification\",\"valueRequired\":true,\"valueName\":\"search_term_string\"}}],\"inLanguage\":\"en-US\"}]}<\/script>\n<!-- \/ Yoast SEO plugin. -->","yoast_head_json":{"title":"Explainer videos for boards | Explain Visually","description":"High-level explainer videos that help boards grasp strategies, products, and complex ideas\u2014clear, fast, and decision-ready.","robots":{"index":"index","follow":"follow","max-snippet":"max-snippet:-1","max-image-preview":"max-image-preview:large","max-video-preview":"max-video-preview:-1"},"canonical":"https:\/\/explainvisually.co\/en\/explainer-videos-boards\/","og_locale":"en_US","og_type":"article","og_title":"Explainer videos for boards | Explain Visually","og_description":"High-level explainer videos that help boards grasp strategies, products, and complex ideas\u2014clear, fast, and decision-ready.","og_url":"https:\/\/explainvisually.co\/en\/explainer-videos-boards\/","og_site_name":"Explain Visually","article_modified_time":"2025-05-19T11:40:06+00:00","twitter_card":"summary_large_image","twitter_misc":{"Est. reading time":"2 minutes"},"schema":{"@context":"https:\/\/schema.org","@graph":[{"@type":"WebPage","@id":"https:\/\/explainvisually.co\/en\/explainer-videos-boards\/","url":"https:\/\/explainvisually.co\/en\/explainer-videos-boards\/","name":"Explainer videos for boards | Explain Visually","isPartOf":{"@id":"https:\/\/explainvisually.co\/en\/#website"},"datePublished":"2019-07-04T07:02:48+00:00","dateModified":"2025-05-19T11:40:06+00:00","description":"High-level explainer videos that help boards grasp strategies, products, and complex ideas\u2014clear, fast, and decision-ready.","breadcrumb":{"@id":"https:\/\/explainvisually.co\/en\/explainer-videos-boards\/#breadcrumb"},"inLanguage":"en-US","potentialAction":[{"@type":"ReadAction","target":["https:\/\/explainvisually.co\/en\/explainer-videos-boards\/"]}]},{"@type":"BreadcrumbList","@id":"https:\/\/explainvisually.co\/en\/explainer-videos-boards\/#breadcrumb","itemListElement":[{"@type":"ListItem","position":1,"name":"Home","item":"https:\/\/explainvisually.co\/en\/"},{"@type":"ListItem","position":2,"name":"Explainer videos for boards"}]},{"@type":"WebSite","@id":"https:\/\/explainvisually.co\/en\/#website","url":"https:\/\/explainvisually.co\/en\/","name":"Explain Visually","description":"","potentialAction":[{"@type":"SearchAction","target":{"@type":"EntryPoint","urlTemplate":"https:\/\/explainvisually.co\/en\/?s={search_term_string}"},"query-input":{"@type":"PropertyValueSpecification","valueRequired":true,"valueName":"search_term_string"}}],"inLanguage":"en-US"}]}},"_links":{"self":[{"href":"https:\/\/explainvisually.co\/en\/wp-json\/wp\/v2\/pages\/3053","targetHints":{"allow":["GET"]}}],"collection":[{"href":"https:\/\/explainvisually.co\/en\/wp-json\/wp\/v2\/pages"}],"about":[{"href":"https:\/\/explainvisually.co\/en\/wp-json\/wp\/v2\/types\/page"}],"author":[{"embeddable":true,"href":"https:\/\/explainvisually.co\/en\/wp-json\/wp\/v2\/users\/2"}],"replies":[{"embeddable":true,"href":"https:\/\/explainvisually.co\/en\/wp-json\/wp\/v2\/comments?post=3053"}],"version-history":[{"count":1,"href":"https:\/\/explainvisually.co\/en\/wp-json\/wp\/v2\/pages\/3053\/revisions"}],"predecessor-version":[{"id":26243,"href":"https:\/\/explainvisually.co\/en\/wp-json\/wp\/v2\/pages\/3053\/revisions\/26243"}],"wp:attachment":[{"href":"https:\/\/explainvisually.co\/en\/wp-json\/wp\/v2\/media?parent=3053"}],"curies":[{"name":"wp","href":"https:\/\/api.w.org\/{rel}","templated":true}]}}