{"id":3101,"date":"2019-07-04T09:08:47","date_gmt":"2019-07-04T07:08:47","guid":{"rendered":"https:\/\/explainvisually.co\/infografiki-wielkoformatowe\/"},"modified":"2025-05-19T13:59:09","modified_gmt":"2025-05-19T11:59:09","slug":"large-format-infographics","status":"publish","type":"page","link":"https:\/\/explainvisually.co\/en\/large-format-infographics\/","title":{"rendered":"Large-format infographics"},"content":{"rendered":"<p>[et_pb_section fb_built=&#8221;1&#8243; _builder_version=&#8221;4.16&#8243; use_background_color_gradient=&#8221;on&#8221; background_color_gradient_stops=&#8221;#eff5fa 0%|#ffffff 100%&#8221; background_color_gradient_start=&#8221;#eff5fa&#8221; background_color_gradient_end=&#8221;#ffffff&#8221; global_colors_info=&#8221;{}&#8221; da_is_popup=&#8221;off&#8221; da_exit_intent=&#8221;off&#8221; da_has_close=&#8221;on&#8221; da_alt_close=&#8221;off&#8221; da_dark_close=&#8221;off&#8221; da_not_modal=&#8221;on&#8221; da_is_singular=&#8221;off&#8221; da_with_loader=&#8221;off&#8221; da_has_shadow=&#8221;on&#8221; da_disable_devices=&#8221;off|off|off&#8221;][et_pb_row _builder_version=&#8221;4.16&#8243; global_colors_info=&#8221;{}&#8221;][et_pb_column type=&#8221;4_4&#8243; _builder_version=&#8221;4.16&#8243; custom_padding=&#8221;|||&#8221; global_colors_info=&#8221;{}&#8221; custom_padding__hover=&#8221;|||&#8221;][et_pb_text _builder_version=&#8221;4.16&#8243; custom_padding=&#8221;0px|||||&#8221; global_colors_info=&#8221;{}&#8221;]<\/p>\n<h4 style=\"margin: 0in; font-family: Calibri; font-size: 11pt; text-align: center;\"><span>We can help you creatively arrange the space, whether it\u2019s your office or an event.<\/span><\/h4>\n<p style=\"text-align: center;\"><span>Our handmade large-format infographics speak about complex subjects in a simple way.<\/span><\/p>\n<p>[\/et_pb_text][\/et_pb_column][\/et_pb_row][\/et_pb_section][et_pb_section fb_built=&#8221;1&#8243; _builder_version=&#8221;4.16&#8243; custom_padding=&#8221;||107px|||&#8221; global_colors_info=&#8221;{}&#8221; da_is_popup=&#8221;off&#8221; da_exit_intent=&#8221;off&#8221; da_has_close=&#8221;on&#8221; da_alt_close=&#8221;off&#8221; da_dark_close=&#8221;off&#8221; da_not_modal=&#8221;on&#8221; da_is_singular=&#8221;off&#8221; da_with_loader=&#8221;off&#8221; da_has_shadow=&#8221;on&#8221; da_disable_devices=&#8221;off|off|off&#8221;][et_pb_row _builder_version=&#8221;4.16&#8243; global_colors_info=&#8221;{}&#8221;][et_pb_column type=&#8221;4_4&#8243; _builder_version=&#8221;4.16&#8243; global_colors_info=&#8221;{}&#8221;][et_pb_image src=&#8221;https:\/\/explainvisually.co\/wp-content\/uploads\/2019\/07\/Lodz2.jpg&#8221; _builder_version=&#8221;4.16&#8243; global_colors_info=&#8221;{}&#8221;][\/et_pb_image][\/et_pb_column][\/et_pb_row][et_pb_row column_structure=&#8221;1_5,3_5,1_5&#8243; _builder_version=&#8221;4.16&#8243; global_colors_info=&#8221;{}&#8221;][et_pb_column type=&#8221;1_5&#8243; _builder_version=&#8221;4.16&#8243; global_colors_info=&#8221;{}&#8221;][\/et_pb_column][et_pb_column type=&#8221;3_5&#8243; _builder_version=&#8221;4.16&#8243; global_colors_info=&#8221;{}&#8221;][et_pb_text _builder_version=&#8221;4.16&#8243; global_colors_info=&#8221;{}&#8221;]<\/p>\n<p lang=\"en-GB\" class=\"western\">Thanks to installations like such, your recipients may get to know your company\u2019s CSR actions or GDPR procedures, or understand the way your new product works.<\/p>\n<p lang=\"en-GB\" class=\"western\">If you want to know more about the implementing we\u2019ve done for TESCO in 3 countries, read more here.<\/p>\n<p><!-- \/divi:paragraph --> <!-- divi:paragraph -->\u00a0<\/p>\n<p>[\/et_pb_text][\/et_pb_column][et_pb_column type=&#8221;1_5&#8243; _builder_version=&#8221;4.16&#8243; global_colors_info=&#8221;{}&#8221;][\/et_pb_column][\/et_pb_row][\/et_pb_section][et_pb_section fb_built=&#8221;1&#8243; module_class=&#8221;section_divider_top_white &#8221; _builder_version=&#8221;4.16&#8243; use_background_color_gradient=&#8221;on&#8221; background_color_gradient_stops=&#8221;#eff5fa 0%|#ffffff 100%&#8221; background_color_gradient_start=&#8221;#eff5fa&#8221; background_color_gradient_end=&#8221;#ffffff&#8221; saved_tabs=&#8221;all&#8221; global_colors_info=&#8221;{}&#8221; da_is_popup=&#8221;off&#8221; da_exit_intent=&#8221;off&#8221; da_has_close=&#8221;on&#8221; da_alt_close=&#8221;off&#8221; da_dark_close=&#8221;off&#8221; da_not_modal=&#8221;on&#8221; da_is_singular=&#8221;off&#8221; da_with_loader=&#8221;off&#8221; da_has_shadow=&#8221;on&#8221; da_disable_devices=&#8221;off|off|off&#8221;][et_pb_row _builder_version=&#8221;4.16&#8243; global_colors_info=&#8221;{}&#8221;][et_pb_column type=&#8221;4_4&#8243; _builder_version=&#8221;4.16&#8243; custom_padding=&#8221;|||&#8221; global_colors_info=&#8221;{}&#8221; custom_padding__hover=&#8221;|||&#8221;][et_pb_text _builder_version=&#8221;4.16&#8243; global_colors_info=&#8221;{}&#8221;]<\/p>\n<h2 style=\"text-align: center;\">Contact us<\/h2>\n<p style=\"text-align: center;\">We will advise you and answer all your questions.<\/p>\n<p>[\/et_pb_text][\/et_pb_column][\/et_pb_row][et_pb_row column_structure=&#8221;1_5,3_5,1_5&#8243; _builder_version=&#8221;4.16&#8243; global_colors_info=&#8221;{}&#8221;][et_pb_column type=&#8221;1_5&#8243; _builder_version=&#8221;4.16&#8243; custom_padding=&#8221;|||&#8221; global_colors_info=&#8221;{}&#8221; custom_padding__hover=&#8221;|||&#8221;][\/et_pb_column][et_pb_column type=&#8221;3_5&#8243; _builder_version=&#8221;4.16&#8243; custom_padding=&#8221;|||&#8221; global_colors_info=&#8221;{}&#8221; custom_padding__hover=&#8221;|||&#8221;][et_pb_code _builder_version=&#8221;4.16&#8243; global_colors_info=&#8221;{}&#8221;]<\/p>\n<div class=\"contact-boxes\"><!-- [et_pb_line_break_holder] -->  <\/p>\n<div class=\"contact-mail\"><!-- [et_pb_line_break_holder] -->    <i class=\"fa fa-envelope-o\"><\/i><!-- [et_pb_line_break_holder] -->    <a href=\"mailTo:hello@explainvisually.co\">hello@explainvisually.co<\/a><!-- [et_pb_line_break_holder] -->  <\/div>\n<p><!-- [et_pb_line_break_holder] -->    <\/p>\n<div class=\"contact-phone\"><!-- [et_pb_line_break_holder] -->    <i class=\"fa fa-phone\"><\/i><!-- [et_pb_line_break_holder] -->    <a href=\"tel.:+48 607 300 250\">+48 607 300 250<\/a><!-- [et_pb_line_break_holder] -->  <\/div>\n<p><!-- [et_pb_line_break_holder] --><\/div>\n<p>[\/et_pb_code][et_pb_contact_form email=&#8221;czesc@explainvisually.pl&#8221; custom_message=&#8221;%%email%%||et_pb_line_break_holder||%%message%%&#8221; success_message=&#8221;The message has been sent&#8221; submit_button_text=&#8221;Send the message&#8221; _builder_version=&#8221;4.16&#8243; _unique_id=&#8221;5d828643-c590-4bdf-91bf-82d6b395ac31&#8243; form_field_background_color=&#8221;rgba(0,0,0,0)&#8221; form_field_text_color=&#8221;#8E9EA9&#8243; captcha_font=&#8221;||||||||&#8221; form_field_font=&#8221;||||||||&#8221; custom_button=&#8221;on&#8221; button_text_size=&#8221;16px&#8221; button_text_color=&#8221;#ffffff&#8221; button_bg_color=&#8221;#34A7CA&#8221; button_border_width=&#8221;0px&#8221; button_border_radius=&#8221;35px&#8221; button_font=&#8221;||||||||&#8221; button_use_icon=&#8221;off&#8221; custom_css_contact_button=&#8221;padding-top: 19px!important;||    padding-right: 64px!important;||    padding-bottom: 19px!important;||    padding-left: 64px!important;||margin-left:auto;||margin-right:auto;&#8221; custom_css_contact_fields=&#8221;border: 1px solid #E5E3E3;||border-radius: 7px;&#8221; custom_css_text_field=&#8221;border: 1px solid #E5E3E3;||border-radius: 7px;&#8221; form_background_color=&#8221;rgba(0,0,0,0)&#8221; global_colors_info=&#8221;{}&#8221;][et_pb_contact_field field_id=&#8221;email&#8221; field_title=&#8221;Business e-mail address&#8230;&#8221; field_type=&#8221;email&#8221; fullwidth_field=&#8221;on&#8221; _builder_version=&#8221;4.16&#8243; form_field_font=&#8221;||||||||&#8221; global_colors_info=&#8221;{}&#8221; button_text_size__hover_enabled=&#8221;off&#8221; button_one_text_size__hover_enabled=&#8221;off&#8221; button_two_text_size__hover_enabled=&#8221;off&#8221; button_text_color__hover_enabled=&#8221;off&#8221; button_one_text_color__hover_enabled=&#8221;off&#8221; button_two_text_color__hover_enabled=&#8221;off&#8221; button_border_width__hover_enabled=&#8221;off&#8221; button_one_border_width__hover_enabled=&#8221;off&#8221; button_two_border_width__hover_enabled=&#8221;off&#8221; button_border_color__hover_enabled=&#8221;off&#8221; button_one_border_color__hover_enabled=&#8221;off&#8221; button_two_border_color__hover_enabled=&#8221;off&#8221; button_border_radius__hover_enabled=&#8221;off&#8221; button_one_border_radius__hover_enabled=&#8221;off&#8221; button_two_border_radius__hover_enabled=&#8221;off&#8221; button_letter_spacing__hover_enabled=&#8221;off&#8221; button_one_letter_spacing__hover_enabled=&#8221;off&#8221; button_two_letter_spacing__hover_enabled=&#8221;off&#8221; button_bg_color__hover_enabled=&#8221;off&#8221; button_one_bg_color__hover_enabled=&#8221;off&#8221; button_two_bg_color__hover_enabled=&#8221;off&#8221;][\/et_pb_contact_field][et_pb_contact_field field_id=&#8221;message&#8221; field_title=&#8221;Your message&#8230;&#8221; field_type=&#8221;text&#8221; fullwidth_field=&#8221;on&#8221; _builder_version=&#8221;4.16&#8243; global_colors_info=&#8221;{}&#8221; button_text_size__hover_enabled=&#8221;off&#8221; button_one_text_size__hover_enabled=&#8221;off&#8221; button_two_text_size__hover_enabled=&#8221;off&#8221; button_text_color__hover_enabled=&#8221;off&#8221; button_one_text_color__hover_enabled=&#8221;off&#8221; button_two_text_color__hover_enabled=&#8221;off&#8221; button_border_width__hover_enabled=&#8221;off&#8221; button_one_border_width__hover_enabled=&#8221;off&#8221; button_two_border_width__hover_enabled=&#8221;off&#8221; button_border_color__hover_enabled=&#8221;off&#8221; button_one_border_color__hover_enabled=&#8221;off&#8221; button_two_border_color__hover_enabled=&#8221;off&#8221; button_border_radius__hover_enabled=&#8221;off&#8221; button_one_border_radius__hover_enabled=&#8221;off&#8221; button_two_border_radius__hover_enabled=&#8221;off&#8221; button_letter_spacing__hover_enabled=&#8221;off&#8221; button_one_letter_spacing__hover_enabled=&#8221;off&#8221; button_two_letter_spacing__hover_enabled=&#8221;off&#8221; button_bg_color__hover_enabled=&#8221;off&#8221; button_one_bg_color__hover_enabled=&#8221;off&#8221; button_two_bg_color__hover_enabled=&#8221;off&#8221;][\/et_pb_contact_field][et_pb_contact_field field_id=&#8221;Checkbox&#8221; field_title=&#8221; &#8221; field_type=&#8221;checkbox&#8221; checkbox_options=&#8221;%91{%22value%22:%22I hereby consent to receiving commercial information via e-mail at the above given e-mail address, within the meaning of article 10(1) of the Act of 18 July 2002 on Rendering Electronic Services, from Kreatol Klaudia Tolman, ul. Anieli Krzywo\u0144 6\/129, 01-391 Warsaw, NIP: 522-273-32-08%22,%22checked%22:0,%22dragID%22:-1}%93&#8243; fullwidth_field=&#8221;on&#8221; _builder_version=&#8221;4.16&#8243; form_field_font=&#8221;||||||||&#8221; text_orientation=&#8221;center&#8221; custom_css_main_element=&#8221;font-weight: normal;&#8221; global_colors_info=&#8221;{}&#8221;][\/et_pb_contact_field][\/et_pb_contact_form][\/et_pb_column][et_pb_column type=&#8221;1_5&#8243; _builder_version=&#8221;4.16&#8243; custom_padding=&#8221;|||&#8221; global_colors_info=&#8221;{}&#8221; custom_padding__hover=&#8221;|||&#8221;][\/et_pb_column][\/et_pb_row][\/et_pb_section][et_pb_section fb_built=&#8221;1&#8243; admin_label=&#8221;Section&#8221; module_class=&#8221;section_divider_top_white blue&#8221; _builder_version=&#8221;4.16&#8243; background_color=&#8221;#fafafa&#8221; use_background_color_gradient=&#8221;on&#8221; background_color_gradient_stops=&#8221;#EFF5FA 0%|#F9FCFE 100%&#8221; background_color_gradient_start=&#8221;#EFF5FA&#8221; background_color_gradient_end=&#8221;#F9FCFE&#8221; background_color_gradient_stops_tablet=&#8221;#EFF5FA 0%|#F9FCFE 100%&#8221; background_color_gradient_stops_phone=&#8221;#EFF5FA 0%|#F9FCFE 100%&#8221; da_disable_devices=&#8221;off|off|off&#8221; global_module=&#8221;3620&#8243; global_colors_info=&#8221;{}&#8221; da_is_popup=&#8221;off&#8221; da_exit_intent=&#8221;off&#8221; da_has_close=&#8221;on&#8221; da_alt_close=&#8221;off&#8221; da_dark_close=&#8221;off&#8221; da_not_modal=&#8221;on&#8221; da_is_singular=&#8221;off&#8221; da_with_loader=&#8221;off&#8221; da_has_shadow=&#8221;on&#8221;][et_pb_row _builder_version=&#8221;4.16&#8243; global_colors_info=&#8221;{}&#8221;][et_pb_column type=&#8221;4_4&#8243; _builder_version=&#8221;4.16&#8243; custom_padding=&#8221;|||&#8221; global_colors_info=&#8221;{}&#8221; custom_padding__hover=&#8221;|||&#8221;][et_pb_text _builder_version=&#8221;4.27.4&#8243; custom_padding=&#8221;0px|||||&#8221; global_colors_info=&#8221;{}&#8221;]<\/p>\n<h2 style=\"text-align: center;\">And if you want to know more before you decide,<\/h2>\n<p style=\"text-align: center;\">see our text and visual materials\u2026<\/p>\n<p>&nbsp;<\/p>\n<p>[\/et_pb_text][\/et_pb_column][\/et_pb_row][et_pb_row module_class=&#8221;button-row&#8221; _builder_version=&#8221;4.16&#8243; global_colors_info=&#8221;{}&#8221;][et_pb_column type=&#8221;4_4&#8243; _builder_version=&#8221;4.16&#8243; custom_padding=&#8221;|||&#8221; global_colors_info=&#8221;{}&#8221; custom_padding__hover=&#8221;|||&#8221;][et_pb_button button_url=&#8221;https:\/\/explainvisually.co\/en\/knowledge\/&#8221; url_new_window=&#8221;on&#8221; button_text=&#8221;Visit ExplainED Visually \u2013 our Blog&#8221; button_alignment=&#8221;center&#8221; _builder_version=&#8221;4.16&#8243; custom_button=&#8221;on&#8221; button_text_size=&#8221;16px&#8221; button_text_color=&#8221;#ffffff&#8221; button_bg_color=&#8221;#34A7CA&#8221; button_border_radius=&#8221;35px&#8221; button_font=&#8221;||||||||&#8221; button_use_icon=&#8221;off&#8221; background_layout=&#8221;dark&#8221; custom_padding=&#8221;19px|64px|19px|64px&#8221; custom_padding_tablet=&#8221;&#8221; custom_padding_phone=&#8221;|25px||25px&#8221; custom_padding_last_edited=&#8221;on|phone&#8221; global_colors_info=&#8221;{}&#8221;][\/et_pb_button][\/et_pb_column][\/et_pb_row][\/et_pb_section]<\/p>\n","protected":false},"excerpt":{"rendered":"<p>We can help you creatively arrange the space, whether it\u2019s your office or an event. Our handmade large-format infographics speak about complex subjects in a simple way.Thanks to installations like such, your recipients may get to know your company\u2019s CSR actions or GDPR procedures, or understand the way your new product works. If you want [&hellip;]<\/p>\n","protected":false},"author":2,"featured_media":0,"parent":0,"menu_order":0,"comment_status":"closed","ping_status":"closed","template":"","meta":{"_et_pb_use_builder":"on","_et_pb_old_content":"<!-- wp:paragraph -->\r\n<p><Pe\u0142en tekst> <\/p>\r\n<!-- \/wp:paragraph -->\r\n\r\n<!-- wp:paragraph -->\r\n<p>Pomagamy kreatywnie zaaran\u017cowa\u0107 przestrze\u0144 - w biurze, w sklepie czy na evencie. Nasze r\u0119cznie robione infografiki wielkoformatowe opowiadaj\u0105 o skomplikowanych tematach w prosty spos\u00f3b.<\/p>\r\n<!-- \/wp:paragraph -->\r\n\r\n<!-- wp:paragraph -->\r\n<p>Dzi\u0119ki temu nasi odbiorcy mog\u0105 dowiedzie\u0107\u00a0si\u0119 o dzia\u0142aniach CSR firmy, pozna\u0107 procedury RODO czy zrozumie\u0107 dzia\u0142anie nowego produktu.<\/p>\r\n<!-- \/wp:paragraph -->\r\n\r\n<!-- wp:paragraph -->\r\n<p><Przyk\u0142ady: TESCO><\/p>\r\n<!-- \/wp:paragraph -->\r\n\r\n<!-- wp:paragraph -->\r\n<p>Je\u017celi chcia\u0142by\u015b dowiedzie\u0107 si\u0119\u00a0wi\u0119cej nt. wdro\u017cenia dla TESCO, kt\u00f3re realizowali\u015bmy w 3 krajach, to przeczytasz wi\u0119cej tutaj.<\/p>\r\n<!-- \/wp:paragraph -->\r\n\r\n<!-- wp:paragraph -->\r\n<p>Kontakt<\/p>\r\n<!-- \/wp:paragraph -->\r\n\r\n<!-- wp:paragraph -->\r\n<p>lub <\/p>\r\n<!-- \/wp:paragraph -->\r\n\r\n<!-- wp:paragraph -->\r\n<p>Zobacz Portfolio<\/p>\r\n<!-- \/wp:paragraph -->","_et_gb_content_width":"","inline_featured_image":false,"footnotes":""},"class_list":["post-3101","page","type-page","status-publish","hentry"],"yoast_head":"<!-- This site is optimized with the Yoast SEO plugin v27.0 - https:\/\/yoast.com\/product\/yoast-seo-wordpress\/ -->\n<title>Large-format infographics | Explain Visually<\/title>\n<meta name=\"description\" content=\"Our large-format infographics speak about complex subjects in a simple way. They&#039;re being used in offices and event spaces.\" \/>\n<meta name=\"robots\" content=\"index, follow, max-snippet:-1, max-image-preview:large, max-video-preview:-1\" \/>\n<link rel=\"canonical\" href=\"https:\/\/explainvisually.co\/en\/large-format-infographics\/\" \/>\n<meta property=\"og:locale\" content=\"en_US\" \/>\n<meta property=\"og:type\" content=\"article\" \/>\n<meta property=\"og:title\" content=\"Large-format infographics | Explain Visually\" \/>\n<meta property=\"og:description\" content=\"Our large-format infographics speak about complex subjects in a simple way. They&#039;re being used in offices and event spaces.\" \/>\n<meta property=\"og:url\" content=\"https:\/\/explainvisually.co\/en\/large-format-infographics\/\" \/>\n<meta property=\"og:site_name\" content=\"Explain Visually\" \/>\n<meta property=\"article:modified_time\" content=\"2025-05-19T11:59:09+00:00\" \/>\n<meta name=\"twitter:card\" content=\"summary_large_image\" \/>\n<meta name=\"twitter:label1\" content=\"Est. reading time\" \/>\n\t<meta name=\"twitter:data1\" content=\"2 minutes\" \/>\n<script type=\"application\/ld+json\" class=\"yoast-schema-graph\">{\"@context\":\"https:\/\/schema.org\",\"@graph\":[{\"@type\":\"WebPage\",\"@id\":\"https:\/\/explainvisually.co\/en\/large-format-infographics\/\",\"url\":\"https:\/\/explainvisually.co\/en\/large-format-infographics\/\",\"name\":\"Large-format infographics | Explain Visually\",\"isPartOf\":{\"@id\":\"https:\/\/explainvisually.co\/en\/#website\"},\"datePublished\":\"2019-07-04T07:08:47+00:00\",\"dateModified\":\"2025-05-19T11:59:09+00:00\",\"description\":\"Our large-format infographics speak about complex subjects in a simple way. They're being used in offices and event spaces.\",\"breadcrumb\":{\"@id\":\"https:\/\/explainvisually.co\/en\/large-format-infographics\/#breadcrumb\"},\"inLanguage\":\"en-US\",\"potentialAction\":[{\"@type\":\"ReadAction\",\"target\":[\"https:\/\/explainvisually.co\/en\/large-format-infographics\/\"]}]},{\"@type\":\"BreadcrumbList\",\"@id\":\"https:\/\/explainvisually.co\/en\/large-format-infographics\/#breadcrumb\",\"itemListElement\":[{\"@type\":\"ListItem\",\"position\":1,\"name\":\"Home\",\"item\":\"https:\/\/explainvisually.co\/en\/\"},{\"@type\":\"ListItem\",\"position\":2,\"name\":\"Large-format infographics\"}]},{\"@type\":\"WebSite\",\"@id\":\"https:\/\/explainvisually.co\/en\/#website\",\"url\":\"https:\/\/explainvisually.co\/en\/\",\"name\":\"Explain Visually\",\"description\":\"\",\"potentialAction\":[{\"@type\":\"SearchAction\",\"target\":{\"@type\":\"EntryPoint\",\"urlTemplate\":\"https:\/\/explainvisually.co\/en\/?s={search_term_string}\"},\"query-input\":{\"@type\":\"PropertyValueSpecification\",\"valueRequired\":true,\"valueName\":\"search_term_string\"}}],\"inLanguage\":\"en-US\"}]}<\/script>\n<!-- \/ Yoast SEO plugin. -->","yoast_head_json":{"title":"Large-format infographics | Explain Visually","description":"Our large-format infographics speak about complex subjects in a simple way. They're being used in offices and event spaces.","robots":{"index":"index","follow":"follow","max-snippet":"max-snippet:-1","max-image-preview":"max-image-preview:large","max-video-preview":"max-video-preview:-1"},"canonical":"https:\/\/explainvisually.co\/en\/large-format-infographics\/","og_locale":"en_US","og_type":"article","og_title":"Large-format infographics | Explain Visually","og_description":"Our large-format infographics speak about complex subjects in a simple way. They're being used in offices and event spaces.","og_url":"https:\/\/explainvisually.co\/en\/large-format-infographics\/","og_site_name":"Explain Visually","article_modified_time":"2025-05-19T11:59:09+00:00","twitter_card":"summary_large_image","twitter_misc":{"Est. reading time":"2 minutes"},"schema":{"@context":"https:\/\/schema.org","@graph":[{"@type":"WebPage","@id":"https:\/\/explainvisually.co\/en\/large-format-infographics\/","url":"https:\/\/explainvisually.co\/en\/large-format-infographics\/","name":"Large-format infographics | Explain Visually","isPartOf":{"@id":"https:\/\/explainvisually.co\/en\/#website"},"datePublished":"2019-07-04T07:08:47+00:00","dateModified":"2025-05-19T11:59:09+00:00","description":"Our large-format infographics speak about complex subjects in a simple way. They're being used in offices and event spaces.","breadcrumb":{"@id":"https:\/\/explainvisually.co\/en\/large-format-infographics\/#breadcrumb"},"inLanguage":"en-US","potentialAction":[{"@type":"ReadAction","target":["https:\/\/explainvisually.co\/en\/large-format-infographics\/"]}]},{"@type":"BreadcrumbList","@id":"https:\/\/explainvisually.co\/en\/large-format-infographics\/#breadcrumb","itemListElement":[{"@type":"ListItem","position":1,"name":"Home","item":"https:\/\/explainvisually.co\/en\/"},{"@type":"ListItem","position":2,"name":"Large-format infographics"}]},{"@type":"WebSite","@id":"https:\/\/explainvisually.co\/en\/#website","url":"https:\/\/explainvisually.co\/en\/","name":"Explain Visually","description":"","potentialAction":[{"@type":"SearchAction","target":{"@type":"EntryPoint","urlTemplate":"https:\/\/explainvisually.co\/en\/?s={search_term_string}"},"query-input":{"@type":"PropertyValueSpecification","valueRequired":true,"valueName":"search_term_string"}}],"inLanguage":"en-US"}]}},"_links":{"self":[{"href":"https:\/\/explainvisually.co\/en\/wp-json\/wp\/v2\/pages\/3101","targetHints":{"allow":["GET"]}}],"collection":[{"href":"https:\/\/explainvisually.co\/en\/wp-json\/wp\/v2\/pages"}],"about":[{"href":"https:\/\/explainvisually.co\/en\/wp-json\/wp\/v2\/types\/page"}],"author":[{"embeddable":true,"href":"https:\/\/explainvisually.co\/en\/wp-json\/wp\/v2\/users\/2"}],"replies":[{"embeddable":true,"href":"https:\/\/explainvisually.co\/en\/wp-json\/wp\/v2\/comments?post=3101"}],"version-history":[{"count":1,"href":"https:\/\/explainvisually.co\/en\/wp-json\/wp\/v2\/pages\/3101\/revisions"}],"predecessor-version":[{"id":26260,"href":"https:\/\/explainvisually.co\/en\/wp-json\/wp\/v2\/pages\/3101\/revisions\/26260"}],"wp:attachment":[{"href":"https:\/\/explainvisually.co\/en\/wp-json\/wp\/v2\/media?parent=3101"}],"curies":[{"name":"wp","href":"https:\/\/api.w.org\/{rel}","templated":true}]}}