{"id":3108,"date":"2019-07-04T09:08:18","date_gmt":"2019-07-04T07:08:18","guid":{"rendered":"https:\/\/explainvisually.co\/visual-stories-pr\/"},"modified":"2025-05-19T15:10:18","modified_gmt":"2025-05-19T13:10:18","slug":"visual-stories-for-pr","status":"publish","type":"page","link":"https:\/\/explainvisually.co\/en\/visual-stories-for-pr\/","title":{"rendered":"Visual stories for PR"},"content":{"rendered":"<p>[et_pb_section fb_built=&#8221;1&#8243; _builder_version=&#8221;4.16&#8243; use_background_color_gradient=&#8221;on&#8221; background_color_gradient_stops=&#8221;#eff5fa 0%|#ffffff 100%&#8221; background_color_gradient_start=&#8221;#eff5fa&#8221; background_color_gradient_end=&#8221;#ffffff&#8221; global_colors_info=&#8221;{}&#8221; da_is_popup=&#8221;off&#8221; da_exit_intent=&#8221;off&#8221; da_has_close=&#8221;on&#8221; da_alt_close=&#8221;off&#8221; da_dark_close=&#8221;off&#8221; da_not_modal=&#8221;on&#8221; da_is_singular=&#8221;off&#8221; da_with_loader=&#8221;off&#8221; da_has_shadow=&#8221;on&#8221; da_disable_devices=&#8221;off|off|off&#8221;][et_pb_row _builder_version=&#8221;4.16&#8243; global_colors_info=&#8221;{}&#8221;][et_pb_column type=&#8221;4_4&#8243; _builder_version=&#8221;4.16&#8243; custom_padding=&#8221;|||&#8221; global_colors_info=&#8221;{}&#8221; custom_padding__hover=&#8221;|||&#8221;][et_pb_text _builder_version=&#8221;4.16&#8243; custom_padding=&#8221;0px|||||&#8221; global_colors_info=&#8221;{}&#8221;]<\/p>\n<h4 style=\"margin: 0in; font-family: Calibri; font-size: 11pt; text-align: center;\">People like stories. And they like pictures.<\/h4>\n<p style=\"text-align: center;\">Whether it\u2019s comic books or memes.<\/p>\n<p>[\/et_pb_text][\/et_pb_column][\/et_pb_row][\/et_pb_section][et_pb_section fb_built=&#8221;1&#8243; _builder_version=&#8221;4.16&#8243; global_colors_info=&#8221;{}&#8221; da_is_popup=&#8221;off&#8221; da_exit_intent=&#8221;off&#8221; da_has_close=&#8221;on&#8221; da_alt_close=&#8221;off&#8221; da_dark_close=&#8221;off&#8221; da_not_modal=&#8221;on&#8221; da_is_singular=&#8221;off&#8221; da_with_loader=&#8221;off&#8221; da_has_shadow=&#8221;on&#8221; da_disable_devices=&#8221;off|off|off&#8221;][et_pb_row column_structure=&#8221;1_5,3_5,1_5&#8243; _builder_version=&#8221;4.16&#8243; global_colors_info=&#8221;{}&#8221;][et_pb_column type=&#8221;1_5&#8243; _builder_version=&#8221;4.16&#8243; global_colors_info=&#8221;{}&#8221;][\/et_pb_column][et_pb_column type=&#8221;3_5&#8243; _builder_version=&#8221;4.16&#8243; global_colors_info=&#8221;{}&#8221;][et_pb_text _builder_version=&#8221;4.16&#8243; global_colors_info=&#8221;{}&#8221;]<\/p>\n<p lang=\"en-GB\" class=\"western\">Studies show that skillful combination of text and pictures make people understand better and remember better, what we say to them.<\/p>\n<p lang=\"en-GB\" class=\"western\">No wonder, as it\u2019s the very primal way of how people perceive the world.<\/p>\n<p style=\"background-color: #ffffff; font-size: 16px;\">\n<p>[\/et_pb_text][\/et_pb_column][et_pb_column type=&#8221;1_5&#8243; _builder_version=&#8221;4.16&#8243; global_colors_info=&#8221;{}&#8221;][\/et_pb_column][\/et_pb_row][et_pb_row column_structure=&#8221;1_5,3_5,1_5&#8243; _builder_version=&#8221;4.16&#8243; global_colors_info=&#8221;{}&#8221;][et_pb_column type=&#8221;1_5&#8243; _builder_version=&#8221;4.16&#8243; global_colors_info=&#8221;{}&#8221;][\/et_pb_column][et_pb_column type=&#8221;3_5&#8243; _builder_version=&#8221;4.16&#8243; global_colors_info=&#8221;{}&#8221;][et_pb_image src=&#8221;https:\/\/explainvisually.co\/wp-content\/uploads\/2019\/07\/1.-kiedys-dzis-v.2-1024&#215;673-1.jpg&#8221; _builder_version=&#8221;4.16&#8243; global_colors_info=&#8221;{}&#8221;][\/et_pb_image][\/et_pb_column][et_pb_column type=&#8221;1_5&#8243; _builder_version=&#8221;4.16&#8243; global_colors_info=&#8221;{}&#8221;][\/et_pb_column][\/et_pb_row][et_pb_row column_structure=&#8221;1_5,3_5,1_5&#8243; _builder_version=&#8221;4.16&#8243; global_colors_info=&#8221;{}&#8221;][et_pb_column type=&#8221;1_5&#8243; _builder_version=&#8221;4.16&#8243; global_colors_info=&#8221;{}&#8221;][\/et_pb_column][et_pb_column type=&#8221;3_5&#8243; _builder_version=&#8221;4.16&#8243; global_colors_info=&#8221;{}&#8221;][et_pb_text _builder_version=&#8221;4.16&#8243; global_colors_info=&#8221;{}&#8221;]<\/p>\n<p lang=\"en-GB\" class=\"western\">So we make use of that inclination, to reach the recipients in an easy way. So everyone can understand what a product helps with or how an employee\u2019s day looks like.<\/p>\n<p lang=\"en-US\" class=\"western\"><span lang=\"en-GB\">You can also use visual stories to educate on standards and procedures.<\/span><\/p>\n<p>&nbsp;<\/p>\n<p>[\/et_pb_text][\/et_pb_column][et_pb_column type=&#8221;1_5&#8243; _builder_version=&#8221;4.16&#8243; global_colors_info=&#8221;{}&#8221;][\/et_pb_column][\/et_pb_row][et_pb_row column_structure=&#8221;1_3,1_3,1_3&#8243; _builder_version=&#8221;4.16&#8243; global_colors_info=&#8221;{}&#8221;][et_pb_column type=&#8221;1_3&#8243; _builder_version=&#8221;4.16&#8243; global_colors_info=&#8221;{}&#8221;][et_pb_image src=&#8221;https:\/\/explainvisually.co\/wp-content\/uploads\/2019\/07\/ExplainVisually-Kto-pyta-ten-przewodzi.png&#8221; _builder_version=&#8221;4.16&#8243; global_colors_info=&#8221;{}&#8221;][\/et_pb_image][\/et_pb_column][et_pb_column type=&#8221;1_3&#8243; _builder_version=&#8221;4.16&#8243; global_colors_info=&#8221;{}&#8221;][et_pb_image src=&#8221;https:\/\/explainvisually.co\/wp-content\/uploads\/2019\/07\/ExplainVisually-Jak-wstawic-stojak.png&#8221; _builder_version=&#8221;4.16&#8243; global_colors_info=&#8221;{}&#8221;][\/et_pb_image][\/et_pb_column][et_pb_column type=&#8221;1_3&#8243; _builder_version=&#8221;4.16&#8243; global_colors_info=&#8221;{}&#8221;][et_pb_image src=&#8221;https:\/\/explainvisually.co\/wp-content\/uploads\/2019\/07\/ExplainVisually-Jeden-obraz-1.png&#8221; _builder_version=&#8221;4.16&#8243; global_colors_info=&#8221;{}&#8221;][\/et_pb_image][\/et_pb_column][\/et_pb_row][\/et_pb_section][et_pb_section fb_built=&#8221;1&#8243; module_class=&#8221;section_divider_top_white &#8221; _builder_version=&#8221;4.16&#8243; use_background_color_gradient=&#8221;on&#8221; background_color_gradient_stops=&#8221;#eff5fa 0%|#ffffff 100%&#8221; background_color_gradient_start=&#8221;#eff5fa&#8221; background_color_gradient_end=&#8221;#ffffff&#8221; saved_tabs=&#8221;all&#8221; global_colors_info=&#8221;{}&#8221; da_is_popup=&#8221;off&#8221; da_exit_intent=&#8221;off&#8221; da_has_close=&#8221;on&#8221; da_alt_close=&#8221;off&#8221; da_dark_close=&#8221;off&#8221; da_not_modal=&#8221;on&#8221; da_is_singular=&#8221;off&#8221; da_with_loader=&#8221;off&#8221; da_has_shadow=&#8221;on&#8221; da_disable_devices=&#8221;off|off|off&#8221;][et_pb_row _builder_version=&#8221;4.16&#8243; global_colors_info=&#8221;{}&#8221;][et_pb_column type=&#8221;4_4&#8243; _builder_version=&#8221;4.16&#8243; custom_padding=&#8221;|||&#8221; global_colors_info=&#8221;{}&#8221; custom_padding__hover=&#8221;|||&#8221;][et_pb_text _builder_version=&#8221;4.16&#8243; global_colors_info=&#8221;{}&#8221;]<\/p>\n<h2 style=\"text-align: center;\">Contact us<\/h2>\n<p style=\"text-align: center;\">We will advise you and answer all your questions.<\/p>\n<p>[\/et_pb_text][\/et_pb_column][\/et_pb_row][et_pb_row column_structure=&#8221;1_5,3_5,1_5&#8243; _builder_version=&#8221;4.16&#8243; global_colors_info=&#8221;{}&#8221;][et_pb_column type=&#8221;1_5&#8243; _builder_version=&#8221;4.16&#8243; custom_padding=&#8221;|||&#8221; global_colors_info=&#8221;{}&#8221; custom_padding__hover=&#8221;|||&#8221;][\/et_pb_column][et_pb_column type=&#8221;3_5&#8243; _builder_version=&#8221;4.16&#8243; custom_padding=&#8221;|||&#8221; global_colors_info=&#8221;{}&#8221; custom_padding__hover=&#8221;|||&#8221;][et_pb_code _builder_version=&#8221;4.16&#8243; global_colors_info=&#8221;{}&#8221;]<\/p>\n<div class=\"contact-boxes\"><!-- [et_pb_line_break_holder] -->  <\/p>\n<div class=\"contact-mail\"><!-- [et_pb_line_break_holder] -->    <i class=\"fa fa-envelope-o\"><\/i><!-- [et_pb_line_break_holder] -->    <a href=\"mailTo:hello@explainvisually.co\">hello@explainvisually.co<\/a><!-- [et_pb_line_break_holder] -->  <\/div>\n<p><!-- [et_pb_line_break_holder] -->    <\/p>\n<div class=\"contact-phone\"><!-- [et_pb_line_break_holder] -->    <i class=\"fa fa-phone\"><\/i><!-- [et_pb_line_break_holder] -->    <a href=\"tel.:+48 607 300 250\">+48 607 300 250<\/a><!-- [et_pb_line_break_holder] -->  <\/div>\n<p><!-- [et_pb_line_break_holder] --><\/div>\n<p>[\/et_pb_code][et_pb_contact_form email=&#8221;czesc@explainvisually.pl&#8221; custom_message=&#8221;%%email%%||et_pb_line_break_holder||%%message%%&#8221; success_message=&#8221;The message has been sent&#8221; submit_button_text=&#8221;Send the message&#8221; _builder_version=&#8221;4.16&#8243; _unique_id=&#8221;e0266c89-62d4-4cf6-b548-97b7c8d3a852&#8243; form_field_background_color=&#8221;rgba(0,0,0,0)&#8221; form_field_text_color=&#8221;#8E9EA9&#8243; captcha_font=&#8221;||||||||&#8221; form_field_font=&#8221;||||||||&#8221; custom_button=&#8221;on&#8221; button_text_size=&#8221;16px&#8221; button_text_color=&#8221;#ffffff&#8221; button_bg_color=&#8221;#34A7CA&#8221; button_border_width=&#8221;0px&#8221; button_border_radius=&#8221;35px&#8221; button_font=&#8221;||||||||&#8221; button_use_icon=&#8221;off&#8221; custom_css_contact_button=&#8221;padding-top: 19px!important;||    padding-right: 64px!important;||    padding-bottom: 19px!important;||    padding-left: 64px!important;||margin-left:auto;||margin-right:auto;&#8221; custom_css_contact_fields=&#8221;border: 1px solid #E5E3E3;||border-radius: 7px;&#8221; custom_css_text_field=&#8221;border: 1px solid #E5E3E3;||border-radius: 7px;&#8221; form_background_color=&#8221;rgba(0,0,0,0)&#8221; global_colors_info=&#8221;{}&#8221;][et_pb_contact_field field_id=&#8221;email&#8221; field_title=&#8221;Business e-mail address&#8230;&#8221; field_type=&#8221;email&#8221; fullwidth_field=&#8221;on&#8221; _builder_version=&#8221;4.16&#8243; form_field_font=&#8221;||||||||&#8221; global_colors_info=&#8221;{}&#8221; button_text_size__hover_enabled=&#8221;off&#8221; button_one_text_size__hover_enabled=&#8221;off&#8221; button_two_text_size__hover_enabled=&#8221;off&#8221; button_text_color__hover_enabled=&#8221;off&#8221; button_one_text_color__hover_enabled=&#8221;off&#8221; button_two_text_color__hover_enabled=&#8221;off&#8221; button_border_width__hover_enabled=&#8221;off&#8221; button_one_border_width__hover_enabled=&#8221;off&#8221; button_two_border_width__hover_enabled=&#8221;off&#8221; button_border_color__hover_enabled=&#8221;off&#8221; button_one_border_color__hover_enabled=&#8221;off&#8221; button_two_border_color__hover_enabled=&#8221;off&#8221; button_border_radius__hover_enabled=&#8221;off&#8221; button_one_border_radius__hover_enabled=&#8221;off&#8221; button_two_border_radius__hover_enabled=&#8221;off&#8221; button_letter_spacing__hover_enabled=&#8221;off&#8221; button_one_letter_spacing__hover_enabled=&#8221;off&#8221; button_two_letter_spacing__hover_enabled=&#8221;off&#8221; button_bg_color__hover_enabled=&#8221;off&#8221; button_one_bg_color__hover_enabled=&#8221;off&#8221; button_two_bg_color__hover_enabled=&#8221;off&#8221;][\/et_pb_contact_field][et_pb_contact_field field_id=&#8221;message&#8221; field_title=&#8221;Your message&#8230;&#8221; field_type=&#8221;text&#8221; fullwidth_field=&#8221;on&#8221; _builder_version=&#8221;4.16&#8243; global_colors_info=&#8221;{}&#8221; button_text_size__hover_enabled=&#8221;off&#8221; button_one_text_size__hover_enabled=&#8221;off&#8221; button_two_text_size__hover_enabled=&#8221;off&#8221; button_text_color__hover_enabled=&#8221;off&#8221; button_one_text_color__hover_enabled=&#8221;off&#8221; button_two_text_color__hover_enabled=&#8221;off&#8221; button_border_width__hover_enabled=&#8221;off&#8221; button_one_border_width__hover_enabled=&#8221;off&#8221; button_two_border_width__hover_enabled=&#8221;off&#8221; button_border_color__hover_enabled=&#8221;off&#8221; button_one_border_color__hover_enabled=&#8221;off&#8221; button_two_border_color__hover_enabled=&#8221;off&#8221; button_border_radius__hover_enabled=&#8221;off&#8221; button_one_border_radius__hover_enabled=&#8221;off&#8221; button_two_border_radius__hover_enabled=&#8221;off&#8221; button_letter_spacing__hover_enabled=&#8221;off&#8221; button_one_letter_spacing__hover_enabled=&#8221;off&#8221; button_two_letter_spacing__hover_enabled=&#8221;off&#8221; button_bg_color__hover_enabled=&#8221;off&#8221; button_one_bg_color__hover_enabled=&#8221;off&#8221; button_two_bg_color__hover_enabled=&#8221;off&#8221;][\/et_pb_contact_field][et_pb_contact_field field_id=&#8221;Checkbox&#8221; field_title=&#8221; &#8221; field_type=&#8221;checkbox&#8221; checkbox_options=&#8221;%91{%22value%22:%22I hereby consent to receiving commercial information via e-mail at the above given e-mail address, within the meaning of article 10(1) of the Act of 18 July 2002 on Rendering Electronic Services, from Kreatol Klaudia Tolman, ul. Anieli Krzywo\u0144 6\/129, 01-391 Warsaw, NIP: 522-273-32-08%22,%22checked%22:0,%22dragID%22:-1}%93&#8243; fullwidth_field=&#8221;on&#8221; _builder_version=&#8221;4.16&#8243; form_field_font=&#8221;||||||||&#8221; text_orientation=&#8221;center&#8221; custom_css_main_element=&#8221;font-weight: normal;&#8221; global_colors_info=&#8221;{}&#8221;][\/et_pb_contact_field][\/et_pb_contact_form][\/et_pb_column][et_pb_column type=&#8221;1_5&#8243; _builder_version=&#8221;4.16&#8243; custom_padding=&#8221;|||&#8221; global_colors_info=&#8221;{}&#8221; custom_padding__hover=&#8221;|||&#8221;][\/et_pb_column][\/et_pb_row][\/et_pb_section][et_pb_section fb_built=&#8221;1&#8243; admin_label=&#8221;Section&#8221; module_class=&#8221;section_divider_top_white blue&#8221; _builder_version=&#8221;4.16&#8243; background_color=&#8221;#fafafa&#8221; use_background_color_gradient=&#8221;on&#8221; background_color_gradient_stops=&#8221;#EFF5FA 0%|#F9FCFE 100%&#8221; background_color_gradient_start=&#8221;#EFF5FA&#8221; background_color_gradient_end=&#8221;#F9FCFE&#8221; background_color_gradient_stops_tablet=&#8221;#EFF5FA 0%|#F9FCFE 100%&#8221; background_color_gradient_stops_phone=&#8221;#EFF5FA 0%|#F9FCFE 100%&#8221; da_disable_devices=&#8221;off|off|off&#8221; global_module=&#8221;3620&#8243; global_colors_info=&#8221;{}&#8221; da_is_popup=&#8221;off&#8221; da_exit_intent=&#8221;off&#8221; da_has_close=&#8221;on&#8221; da_alt_close=&#8221;off&#8221; da_dark_close=&#8221;off&#8221; da_not_modal=&#8221;on&#8221; da_is_singular=&#8221;off&#8221; da_with_loader=&#8221;off&#8221; da_has_shadow=&#8221;on&#8221;][et_pb_row _builder_version=&#8221;4.16&#8243; global_colors_info=&#8221;{}&#8221;][et_pb_column type=&#8221;4_4&#8243; _builder_version=&#8221;4.16&#8243; custom_padding=&#8221;|||&#8221; global_colors_info=&#8221;{}&#8221; custom_padding__hover=&#8221;|||&#8221;][et_pb_text _builder_version=&#8221;4.27.4&#8243; custom_padding=&#8221;0px|||||&#8221; global_colors_info=&#8221;{}&#8221;]<\/p>\n<h2 style=\"text-align: center;\">And if you want to know more before you decide,<\/h2>\n<p style=\"text-align: center;\">see our text and visual materials\u2026<\/p>\n<p>&nbsp;<\/p>\n<p>[\/et_pb_text][\/et_pb_column][\/et_pb_row][et_pb_row module_class=&#8221;button-row&#8221; _builder_version=&#8221;4.16&#8243; global_colors_info=&#8221;{}&#8221;][et_pb_column type=&#8221;4_4&#8243; _builder_version=&#8221;4.16&#8243; custom_padding=&#8221;|||&#8221; global_colors_info=&#8221;{}&#8221; custom_padding__hover=&#8221;|||&#8221;][et_pb_button button_url=&#8221;https:\/\/explainvisually.co\/en\/knowledge\/&#8221; url_new_window=&#8221;on&#8221; button_text=&#8221;Visit ExplainED Visually \u2013 our Blog&#8221; button_alignment=&#8221;center&#8221; _builder_version=&#8221;4.16&#8243; custom_button=&#8221;on&#8221; button_text_size=&#8221;16px&#8221; button_text_color=&#8221;#ffffff&#8221; button_bg_color=&#8221;#34A7CA&#8221; button_border_radius=&#8221;35px&#8221; button_font=&#8221;||||||||&#8221; button_use_icon=&#8221;off&#8221; background_layout=&#8221;dark&#8221; custom_padding=&#8221;19px|64px|19px|64px&#8221; custom_padding_tablet=&#8221;&#8221; custom_padding_phone=&#8221;|25px||25px&#8221; custom_padding_last_edited=&#8221;on|phone&#8221; global_colors_info=&#8221;{}&#8221;][\/et_pb_button][\/et_pb_column][\/et_pb_row][\/et_pb_section]<\/p>\n","protected":false},"excerpt":{"rendered":"<p>People like stories. And they like pictures. Whether it\u2019s comic books or memes.Studies show that skillful combination of text and pictures make people understand better and remember better, what we say to them. No wonder, as it\u2019s the very primal way of how people perceive the world. So we make use of that inclination, to [&hellip;]<\/p>\n","protected":false},"author":2,"featured_media":0,"parent":0,"menu_order":0,"comment_status":"closed","ping_status":"closed","template":"","meta":{"_et_pb_use_builder":"on","_et_pb_old_content":"<!-- wp:paragraph -->\r\n<p>Ludzie lubi\u0105 historie. Lubi\u0105 te\u017c obrazy. Czy to w formie komiks\u00f3w czy mem\u00f3w. <\/p>\r\n<!-- \/wp:paragraph -->\r\n\r\n<!-- wp:paragraph -->\r\n<p>Badania pokazuj\u0105, \u017ce umiej\u0119tne po\u0142\u0105czenie obrazu oraz tekstu przynosi <badania VT1\/2>.<\/p>\r\n<!-- \/wp:paragraph -->\r\n\r\n<!-- wp:paragraph -->\r\n<p>Nic dziwnego, skoro jest to nasz pierwotny spos\u00f3b postrzegania \u015bwiata.<\/p>\r\n<!-- \/wp:paragraph -->\r\n\r\n<!-- wp:paragraph -->\r\n<p><obrazek rysowania na piasku z czym jest whiteboard><\/p>\r\n<!-- \/wp:paragraph -->\r\n\r\n<!-- wp:paragraph -->\r\n<p>Wykorzystujemy t\u0119 sk\u0142onno\u015b\u0107, aby dotrze\u0107 do odbiorc\u00f3w w lekki spos\u00f3b. Dzi\u0119ki temu ka\u017cdy jest w stanie zrozumie\u0107 do czego s\u0142u\u017cy ten produkt lub jak wygl\u0105da dzie\u0144 z \u017cycia pracownika.<\/p>\r\n<!-- \/wp:paragraph -->\r\n\r\n<!-- wp:paragraph -->\r\n<p>Kontakt<\/p>\r\n<!-- \/wp:paragraph -->\r\n\r\n<!-- wp:paragraph -->\r\n<p>lub<\/p>\r\n<!-- \/wp:paragraph -->\r\n\r\n<!-- wp:paragraph -->\r\n<p>Zobacz Portfolio<\/p>\r\n<!-- \/wp:paragraph -->\r\n\r\n<!-- wp:paragraph -->\r\n<p>lub<\/p>\r\n<!-- \/wp:paragraph -->\r\n\r\n<!-- wp:paragraph -->\r\n<p>Poczytaj nasze artyku\u0142y nt. wizualizacji<\/p>\r\n<!-- \/wp:paragraph -->","_et_gb_content_width":"","inline_featured_image":false,"footnotes":""},"class_list":["post-3108","page","type-page","status-publish","hentry"],"yoast_head":"<!-- This site is optimized with the Yoast SEO plugin v27.0 - https:\/\/yoast.com\/product\/yoast-seo-wordpress\/ -->\n<title>Visual stories for PR | ExplainVisually<\/title>\n<meta name=\"description\" content=\"Visual stories that build brand image, support PR campaigns, and help you communicate key messages with clarity and impact.\" \/>\n<meta name=\"robots\" content=\"index, follow, max-snippet:-1, max-image-preview:large, max-video-preview:-1\" \/>\n<link rel=\"canonical\" href=\"https:\/\/explainvisually.co\/en\/visual-stories-for-pr\/\" \/>\n<meta property=\"og:locale\" content=\"en_US\" \/>\n<meta property=\"og:type\" content=\"article\" \/>\n<meta property=\"og:title\" content=\"Visual stories for PR | ExplainVisually\" \/>\n<meta property=\"og:description\" content=\"Visual stories that build brand image, support PR campaigns, and help you communicate key messages with clarity and impact.\" \/>\n<meta property=\"og:url\" content=\"https:\/\/explainvisually.co\/en\/visual-stories-for-pr\/\" \/>\n<meta property=\"og:site_name\" content=\"Explain Visually\" \/>\n<meta property=\"article:modified_time\" content=\"2025-05-19T13:10:18+00:00\" \/>\n<meta name=\"twitter:card\" content=\"summary_large_image\" \/>\n<meta name=\"twitter:label1\" content=\"Est. reading time\" \/>\n\t<meta name=\"twitter:data1\" content=\"2 minutes\" \/>\n<script type=\"application\/ld+json\" class=\"yoast-schema-graph\">{\"@context\":\"https:\/\/schema.org\",\"@graph\":[{\"@type\":\"WebPage\",\"@id\":\"https:\/\/explainvisually.co\/en\/visual-stories-for-pr\/\",\"url\":\"https:\/\/explainvisually.co\/en\/visual-stories-for-pr\/\",\"name\":\"Visual stories for PR | ExplainVisually\",\"isPartOf\":{\"@id\":\"https:\/\/explainvisually.co\/en\/#website\"},\"datePublished\":\"2019-07-04T07:08:18+00:00\",\"dateModified\":\"2025-05-19T13:10:18+00:00\",\"description\":\"Visual stories that build brand image, support PR campaigns, and help you communicate key messages with clarity and impact.\",\"breadcrumb\":{\"@id\":\"https:\/\/explainvisually.co\/en\/visual-stories-for-pr\/#breadcrumb\"},\"inLanguage\":\"en-US\",\"potentialAction\":[{\"@type\":\"ReadAction\",\"target\":[\"https:\/\/explainvisually.co\/en\/visual-stories-for-pr\/\"]}]},{\"@type\":\"BreadcrumbList\",\"@id\":\"https:\/\/explainvisually.co\/en\/visual-stories-for-pr\/#breadcrumb\",\"itemListElement\":[{\"@type\":\"ListItem\",\"position\":1,\"name\":\"Home\",\"item\":\"https:\/\/explainvisually.co\/en\/\"},{\"@type\":\"ListItem\",\"position\":2,\"name\":\"Visual stories for PR\"}]},{\"@type\":\"WebSite\",\"@id\":\"https:\/\/explainvisually.co\/en\/#website\",\"url\":\"https:\/\/explainvisually.co\/en\/\",\"name\":\"Explain Visually\",\"description\":\"\",\"potentialAction\":[{\"@type\":\"SearchAction\",\"target\":{\"@type\":\"EntryPoint\",\"urlTemplate\":\"https:\/\/explainvisually.co\/en\/?s={search_term_string}\"},\"query-input\":{\"@type\":\"PropertyValueSpecification\",\"valueRequired\":true,\"valueName\":\"search_term_string\"}}],\"inLanguage\":\"en-US\"}]}<\/script>\n<!-- \/ Yoast SEO plugin. -->","yoast_head_json":{"title":"Visual stories for PR | ExplainVisually","description":"Visual stories that build brand image, support PR campaigns, and help you communicate key messages with clarity and impact.","robots":{"index":"index","follow":"follow","max-snippet":"max-snippet:-1","max-image-preview":"max-image-preview:large","max-video-preview":"max-video-preview:-1"},"canonical":"https:\/\/explainvisually.co\/en\/visual-stories-for-pr\/","og_locale":"en_US","og_type":"article","og_title":"Visual stories for PR | ExplainVisually","og_description":"Visual stories that build brand image, support PR campaigns, and help you communicate key messages with clarity and impact.","og_url":"https:\/\/explainvisually.co\/en\/visual-stories-for-pr\/","og_site_name":"Explain Visually","article_modified_time":"2025-05-19T13:10:18+00:00","twitter_card":"summary_large_image","twitter_misc":{"Est. reading time":"2 minutes"},"schema":{"@context":"https:\/\/schema.org","@graph":[{"@type":"WebPage","@id":"https:\/\/explainvisually.co\/en\/visual-stories-for-pr\/","url":"https:\/\/explainvisually.co\/en\/visual-stories-for-pr\/","name":"Visual stories for PR | ExplainVisually","isPartOf":{"@id":"https:\/\/explainvisually.co\/en\/#website"},"datePublished":"2019-07-04T07:08:18+00:00","dateModified":"2025-05-19T13:10:18+00:00","description":"Visual stories that build brand image, support PR campaigns, and help you communicate key messages with clarity and impact.","breadcrumb":{"@id":"https:\/\/explainvisually.co\/en\/visual-stories-for-pr\/#breadcrumb"},"inLanguage":"en-US","potentialAction":[{"@type":"ReadAction","target":["https:\/\/explainvisually.co\/en\/visual-stories-for-pr\/"]}]},{"@type":"BreadcrumbList","@id":"https:\/\/explainvisually.co\/en\/visual-stories-for-pr\/#breadcrumb","itemListElement":[{"@type":"ListItem","position":1,"name":"Home","item":"https:\/\/explainvisually.co\/en\/"},{"@type":"ListItem","position":2,"name":"Visual stories for PR"}]},{"@type":"WebSite","@id":"https:\/\/explainvisually.co\/en\/#website","url":"https:\/\/explainvisually.co\/en\/","name":"Explain Visually","description":"","potentialAction":[{"@type":"SearchAction","target":{"@type":"EntryPoint","urlTemplate":"https:\/\/explainvisually.co\/en\/?s={search_term_string}"},"query-input":{"@type":"PropertyValueSpecification","valueRequired":true,"valueName":"search_term_string"}}],"inLanguage":"en-US"}]}},"_links":{"self":[{"href":"https:\/\/explainvisually.co\/en\/wp-json\/wp\/v2\/pages\/3108","targetHints":{"allow":["GET"]}}],"collection":[{"href":"https:\/\/explainvisually.co\/en\/wp-json\/wp\/v2\/pages"}],"about":[{"href":"https:\/\/explainvisually.co\/en\/wp-json\/wp\/v2\/types\/page"}],"author":[{"embeddable":true,"href":"https:\/\/explainvisually.co\/en\/wp-json\/wp\/v2\/users\/2"}],"replies":[{"embeddable":true,"href":"https:\/\/explainvisually.co\/en\/wp-json\/wp\/v2\/comments?post=3108"}],"version-history":[{"count":1,"href":"https:\/\/explainvisually.co\/en\/wp-json\/wp\/v2\/pages\/3108\/revisions"}],"predecessor-version":[{"id":26283,"href":"https:\/\/explainvisually.co\/en\/wp-json\/wp\/v2\/pages\/3108\/revisions\/26283"}],"wp:attachment":[{"href":"https:\/\/explainvisually.co\/en\/wp-json\/wp\/v2\/media?parent=3108"}],"curies":[{"name":"wp","href":"https:\/\/api.w.org\/{rel}","templated":true}]}}