{"id":3513,"date":"2019-07-04T09:15:28","date_gmt":"2019-07-04T07:15:28","guid":{"rendered":"https:\/\/explainvisually.co\/explainer-video-whiteboard-animation-hr\/"},"modified":"2020-05-06T10:30:30","modified_gmt":"2020-05-06T08:30:30","slug":"explainer-video-whiteboard-animation-for-hr","status":"publish","type":"page","link":"https:\/\/explainvisually.co\/en\/explainer-video-whiteboard-animation-for-hr\/","title":{"rendered":"Explainer video and whiteboard animation for HR"},"content":{"rendered":"\n[et_pb_section fb_built=&#8221;1&#8243; _builder_version=&#8221;3.22.3&#8243;][et_pb_row column_structure=&#8221;1_5,3_5,1_5&#8243; _builder_version=&#8221;3.25.4&#8243;][et_pb_column type=&#8221;1_5&#8243; _builder_version=&#8221;3.25.4&#8243;][\/et_pb_column][et_pb_column type=&#8221;3_5&#8243; _builder_version=&#8221;3.25.4&#8243;][et_pb_text _builder_version=&#8221;3.25.4&#8243;]<p>Every once in a while, the HR department must communicate a larger project.<\/p>\n<p>New headquarters, new strategy, new IT system. All these topics require special attention from employees. That is why it is so important to reach them.<\/p>\n<p>If you want to see how we did it with Orange, then <a href=\"https:\/\/explainvisually.co\/case-study-orange-explainvisually\/\" target=\"_blank\" rel=\"noopener noreferrer\">our Case Study can be found at this link<\/a>.<\/p>\n<p>Sometimes employees also need to be trained in a specific topic. We help employees learn in a pleasant and effective way.<\/p>\n<p>If you want to see how our video supported the strengthening of customer service standards among 2,000 Bank Millennium employees across Poland, then you can <a href=\"https:\/\/explainvisually.co\/en\/how-did-millennium-bank-educate-its-employees\/\" target=\"_blank\" rel=\"noopener noreferrer\">find Case Study at this link.<\/a><\/p>\n<p><!-- \/divi:paragraph --> <!-- divi:paragraph --><\/p>\n<p><strong>Explainer Video<\/strong><\/p>\n<p><!-- \/divi:paragraph --> <!-- divi:paragraph --><\/p>\n<p>Most often, we achieve our clients&#8217; goals with the help of an explainer video that quickly and easily explains complex topics.<\/p>\n<p>Thanks to them, we can stand out among numerous information. Both on the Intranet and in emails.<\/p>\n<p>Such a film performs the same function as a man standing at a blackboard and explaining something complicated to the audience. The difference is that the animation &#8211; unlike humans &#8211; can be sent to the entire company. And we are sure that nothing will be twisted.<\/p>\n<p>The animation is <strong>much more dynamic<\/strong> than previously prepared PowerPoint, thanks to which the recipient is more likely to follow it.<\/p>\n<p>Thanks to the appropriate script design, actor&#8217;s voiceover, and visualizations, the animation <strong>attracts attention and is remembered for a long time<\/strong>.<\/p>\n[\/et_pb_text][\/et_pb_column][et_pb_column type=&#8221;1_5&#8243; _builder_version=&#8221;3.25.4&#8243;][\/et_pb_column][\/et_pb_row][et_pb_row _builder_version=&#8221;3.25.4&#8243;][et_pb_column type=&#8221;4_4&#8243; _builder_version=&#8221;3.25.4&#8243;][et_pb_image src=&#8221;https:\/\/explainvisually.co\/wp-content\/uploads\/2019\/07\/image.jpeg&#8221; _builder_version=&#8221;3.25.4&#8243;][\/et_pb_image][\/et_pb_column][\/et_pb_row][et_pb_row column_structure=&#8221;1_5,3_5,1_5&#8243; _builder_version=&#8221;3.25.4&#8243;][et_pb_column type=&#8221;1_5&#8243; _builder_version=&#8221;3.25.4&#8243;][\/et_pb_column][et_pb_column type=&#8221;3_5&#8243; _builder_version=&#8221;3.25.4&#8243;][et_pb_text _builder_version=&#8221;3.25.4&#8243;]<p>In video productions, we use guidelines provided by the client regarding the purpose, style of the film, characters and used slogans. In the whole process, we also perform an advisory function, helping &#8211; <strong>based on our experience with over 200 projects<\/strong> &#8211; to create the dream animation.<\/p>\n<p>&nbsp;<\/p>\n<p><!-- \/divi:paragraph --> <!-- divi:paragraph --> <!-- \/divi:paragraph --> <!-- divi:heading {\"level\":3} --><\/p>\n<h4>Sample topics of our projects<\/h4>\n<p>&nbsp;<\/p>\n<p><!-- \/divi:heading --> <!-- divi:list --><\/p>\n<ul>\n<li>IKEA: How to <strong>convey<\/strong> a new strategy to employees in the USA, Poland, and China in an understandable way?<br \/>Orange: How to <strong>encourage<\/strong> employees to use new IT systems?<br \/>Credit Agricole: How to <strong>educate<\/strong> employees from new procedures for holding meetings?<\/li>\n<\/ul>\n<p><!-- \/divi:list --> <!-- divi:paragraph --> <!-- \/divi:paragraph --><\/p>\n<div class=\"fluid-width-video-wrapper\"><\/div>[\/et_pb_text][\/et_pb_column][et_pb_column type=&#8221;1_5&#8243; _builder_version=&#8221;3.25.4&#8243;][\/et_pb_column][\/et_pb_row][et_pb_row column_structure=&#8221;1_5,3_5,1_5&#8243; _builder_version=&#8221;3.25.4&#8243;][et_pb_column type=&#8221;1_5&#8243; _builder_version=&#8221;3.25.4&#8243;][\/et_pb_column][et_pb_column type=&#8221;3_5&#8243; _builder_version=&#8221;3.25.4&#8243;][et_pb_video src=&#8221;https:\/\/youtu.be\/AgvpqO1siM4&#8243; _builder_version=&#8221;3.25.4&#8243;][\/et_pb_video][\/et_pb_column][et_pb_column type=&#8221;1_5&#8243; _builder_version=&#8221;3.25.4&#8243;][\/et_pb_column][\/et_pb_row][\/et_pb_section][et_pb_section fb_built=&#8221;1&#8243; module_class=&#8221;section_divider_top_white &#8221; _builder_version=&#8221;3.25.4&#8243; use_background_color_gradient=&#8221;on&#8221; background_color_gradient_start=&#8221;#eff5fa&#8221; background_color_gradient_end=&#8221;#ffffff&#8221; saved_tabs=&#8221;all&#8221; global_module=&#8221;3616&#8243;][et_pb_row _builder_version=&#8221;3.25&#8243;][et_pb_column type=&#8221;4_4&#8243; _builder_version=&#8221;3.25&#8243; custom_padding=&#8221;|||&#8221; custom_padding__hover=&#8221;|||&#8221;][et_pb_text _builder_version=&#8221;3.25.4&#8243;]<h2 style=\"text-align: center;\">Contact us<\/h2>\n<p style=\"text-align: center;\">We will advise you and answer all your questions.<\/p>[\/et_pb_text][\/et_pb_column][\/et_pb_row][et_pb_row column_structure=&#8221;1_5,3_5,1_5&#8243; _builder_version=&#8221;3.25&#8243;][et_pb_column type=&#8221;1_5&#8243; _builder_version=&#8221;3.25&#8243; custom_padding=&#8221;|||&#8221; custom_padding__hover=&#8221;|||&#8221;][\/et_pb_column][et_pb_column type=&#8221;3_5&#8243; _builder_version=&#8221;3.25&#8243; custom_padding=&#8221;|||&#8221; custom_padding__hover=&#8221;|||&#8221;][et_pb_code _builder_version=&#8221;3.25.4&#8243;]<div class=\"contact-boxes\"><!-- [et_pb_line_break_holder] -->  <div class=\"contact-mail\"><!-- [et_pb_line_break_holder] -->    <i class=\"fa fa-envelope-o\"><\/i><!-- [et_pb_line_break_holder] -->    <a href=\"mailTo:hello@explainvisually.co\">hello@explainvisually.co<\/a><!-- [et_pb_line_break_holder] -->  <\/div><!-- [et_pb_line_break_holder] -->    <div class=\"contact-phone\"><!-- [et_pb_line_break_holder] -->    <i class=\"fa fa-phone\"><\/i><!-- [et_pb_line_break_holder] -->    <a href=\"tel.:+48 607 300 250\">+48 607 300 250<\/a><!-- [et_pb_line_break_holder] -->  <\/div><!-- [et_pb_line_break_holder] --><\/div>[\/et_pb_code][et_pb_contact_form email=&#8221;czesc@explainvisually.pl&#8221; custom_message=&#8221;%%email%%||et_pb_line_break_holder||%%message%%&#8221; success_message=&#8221;The message has been sent&#8221; submit_button_text=&#8221;Send the message&#8221; _builder_version=&#8221;3.25.4&#8243; form_field_background_color=&#8221;rgba(0,0,0,0)&#8221; form_field_text_color=&#8221;#8E9EA9&#8243; captcha_font=&#8221;||||||||&#8221; form_field_font=&#8221;||||||||&#8221; custom_button=&#8221;on&#8221; button_text_size=&#8221;16px&#8221; button_text_color=&#8221;#ffffff&#8221; button_bg_color=&#8221;#34A7CA&#8221; button_border_width=&#8221;0px&#8221; button_border_radius=&#8221;35px&#8221; button_font=&#8221;||||||||&#8221; button_use_icon=&#8221;off&#8221; custom_css_contact_button=&#8221;padding-top: 19px!important;||    padding-right: 64px!important;||    padding-bottom: 19px!important;||    padding-left: 64px!important;||margin-left:auto;||margin-right:auto;&#8221; custom_css_contact_fields=&#8221;border: 1px solid #E5E3E3;||border-radius: 7px;&#8221; custom_css_text_field=&#8221;border: 1px solid #E5E3E3;||border-radius: 7px;&#8221; form_background_color=&#8221;rgba(0,0,0,0)&#8221;][et_pb_contact_field field_id=&#8221;email&#8221; field_title=&#8221;Business e-mail address&#8230;&#8221; field_type=&#8221;email&#8221; fullwidth_field=&#8221;on&#8221; _builder_version=&#8221;3.25.4&#8243; form_field_font=&#8221;||||||||&#8221; border_radii=&#8221;on||||&#8221; button_text_size__hover_enabled=&#8221;off&#8221; button_one_text_size__hover_enabled=&#8221;off&#8221; button_two_text_size__hover_enabled=&#8221;off&#8221; button_text_color__hover_enabled=&#8221;off&#8221; button_one_text_color__hover_enabled=&#8221;off&#8221; button_two_text_color__hover_enabled=&#8221;off&#8221; button_border_width__hover_enabled=&#8221;off&#8221; button_one_border_width__hover_enabled=&#8221;off&#8221; button_two_border_width__hover_enabled=&#8221;off&#8221; button_border_color__hover_enabled=&#8221;off&#8221; button_one_border_color__hover_enabled=&#8221;off&#8221; button_two_border_color__hover_enabled=&#8221;off&#8221; button_border_radius__hover_enabled=&#8221;off&#8221; button_one_border_radius__hover_enabled=&#8221;off&#8221; button_two_border_radius__hover_enabled=&#8221;off&#8221; button_letter_spacing__hover_enabled=&#8221;off&#8221; button_one_letter_spacing__hover_enabled=&#8221;off&#8221; button_two_letter_spacing__hover_enabled=&#8221;off&#8221; button_bg_color__hover_enabled=&#8221;off&#8221; button_one_bg_color__hover_enabled=&#8221;off&#8221; button_two_bg_color__hover_enabled=&#8221;off&#8221;][\/et_pb_contact_field][et_pb_contact_field field_id=&#8221;message&#8221; field_title=&#8221;Your message&#8230;&#8221; field_type=&#8221;text&#8221; fullwidth_field=&#8221;on&#8221; _builder_version=&#8221;3.25.4&#8243; border_radii=&#8221;on||||&#8221; button_text_size__hover_enabled=&#8221;off&#8221; button_one_text_size__hover_enabled=&#8221;off&#8221; button_two_text_size__hover_enabled=&#8221;off&#8221; button_text_color__hover_enabled=&#8221;off&#8221; button_one_text_color__hover_enabled=&#8221;off&#8221; button_two_text_color__hover_enabled=&#8221;off&#8221; button_border_width__hover_enabled=&#8221;off&#8221; button_one_border_width__hover_enabled=&#8221;off&#8221; button_two_border_width__hover_enabled=&#8221;off&#8221; button_border_color__hover_enabled=&#8221;off&#8221; button_one_border_color__hover_enabled=&#8221;off&#8221; button_two_border_color__hover_enabled=&#8221;off&#8221; button_border_radius__hover_enabled=&#8221;off&#8221; button_one_border_radius__hover_enabled=&#8221;off&#8221; button_two_border_radius__hover_enabled=&#8221;off&#8221; button_letter_spacing__hover_enabled=&#8221;off&#8221; button_one_letter_spacing__hover_enabled=&#8221;off&#8221; button_two_letter_spacing__hover_enabled=&#8221;off&#8221; button_bg_color__hover_enabled=&#8221;off&#8221; button_one_bg_color__hover_enabled=&#8221;off&#8221; button_two_bg_color__hover_enabled=&#8221;off&#8221;][\/et_pb_contact_field][et_pb_contact_field field_id=&#8221;Checkbox&#8221; field_title=&#8221; &#8221; field_type=&#8221;checkbox&#8221; checkbox_options=&#8221;%91{%22value%22:%22I hereby consent to receiving commercial information via e-mail at the above given e-mail address, within the meaning of article 10(1) of the Act of 18 July 2002 on Rendering Electronic Services, from Kreatol Klaudia Tolman, ul. Anieli Krzywo\u0144 6\/129, 01-391 Warsaw, NIP: 522-273-32-08%22,%22checked%22:0,%22dragID%22:-1}%93&#8243; fullwidth_field=&#8221;on&#8221; _builder_version=&#8221;3.25.4&#8243; form_field_font=&#8221;||||||||&#8221; text_orientation=&#8221;center&#8221; custom_css_main_element=&#8221;font-weight: normal;&#8221;][\/et_pb_contact_field][\/et_pb_contact_form][\/et_pb_column][et_pb_column type=&#8221;1_5&#8243; _builder_version=&#8221;3.25&#8243; custom_padding=&#8221;|||&#8221; custom_padding__hover=&#8221;|||&#8221;][\/et_pb_column][\/et_pb_row][\/et_pb_section][et_pb_section fb_built=&#8221;1&#8243; module_class=&#8221;section_divider_top_white &#8221; _builder_version=&#8221;3.22.5&#8243; use_background_color_gradient=&#8221;on&#8221; background_color_gradient_start=&#8221;#EFF5FA&#8221; background_color_gradient_end=&#8221;#F9FCFE&#8221; global_module=&#8221;3620&#8243;][et_pb_row _builder_version=&#8221;3.25&#8243;][et_pb_column type=&#8221;4_4&#8243; _builder_version=&#8221;3.25&#8243; custom_padding=&#8221;|||&#8221; custom_padding__hover=&#8221;|||&#8221;][et_pb_text _builder_version=&#8221;3.25.4&#8243; custom_padding=&#8221;0px|||||&#8221;]<h2 style=\"text-align: center;\">And if you want to know more before<\/h2>\n<p style=\"text-align: center;\">and see our text and visual materials\u2026<\/p>[\/et_pb_text][\/et_pb_column][\/et_pb_row][et_pb_row module_class=&#8221;button-row&#8221; _builder_version=&#8221;3.25&#8243;][et_pb_column type=&#8221;4_4&#8243; _builder_version=&#8221;3.25&#8243; custom_padding=&#8221;|||&#8221; custom_padding__hover=&#8221;|||&#8221;][et_pb_button button_url=&#8221;\/wiedza\/&#8221; url_new_window=&#8221;on&#8221; button_text=&#8221;Visit ExplainED Visually \u2013 our Knowledge Database&#8221; button_alignment=&#8221;center&#8221; _builder_version=&#8221;3.25.4&#8243; custom_button=&#8221;on&#8221; button_text_size=&#8221;16px&#8221; button_text_color=&#8221;#ffffff&#8221; button_bg_color=&#8221;#34A7CA&#8221; button_border_radius=&#8221;35px&#8221; button_font=&#8221;||||||||&#8221; button_use_icon=&#8221;off&#8221; background_layout=&#8221;dark&#8221; custom_padding=&#8221;19px|64px|19px|64px&#8221; custom_padding_phone=&#8221;|25px||25px&#8221; custom_padding_last_edited=&#8221;on|phone&#8221;][\/et_pb_button][\/et_pb_column][\/et_pb_row][\/et_pb_section]\n","protected":false},"excerpt":{"rendered":"<p>Every once in a while, the HR department must communicate a larger project. New headquarters, new strategy, new IT system. All these topics require special attention from employees. That is why it is so important to reach them. If you want to see how we did it with Orange, then our Case Study can be [&hellip;]<\/p>\n","protected":false},"author":2,"featured_media":0,"parent":0,"menu_order":0,"comment_status":"closed","ping_status":"closed","template":"","meta":{"_et_pb_use_builder":"on","_et_pb_old_content":"<!-- wp:paragraph -->\n<p>Raz na jaki\u015b&nbsp;czas dzia\u0142 HR musi zakomunikowa\u0107 wi\u0119kszy projekt. <\/p>\n<!-- \/wp:paragraph -->\n\n<!-- wp:paragraph -->\n<p>Nowa siedziba, nowa strategia, nowy system IT. Wszystkie te tematy wymagaj\u0105&nbsp;szczeg\u00f3lnej uwagi pracownik\u00f3w. Dlatego tak wa\u017cne jest, aby do nich trafi\u0107.<\/p>\n<!-- \/wp:paragraph -->\n\n<!-- wp:paragraph -->\n<p>Je\u017celi chcesz zobaczy\u0107 jak zrobili\u015bmy to z Orange, to nasze Case Study znajdziesz pod tym linkiem &lt;link&gt;.<\/p>\n<!-- \/wp:paragraph -->\n\n<!-- wp:paragraph -->\n<p>Czasami te\u017c pracownik\u00f3w trzeba wyszkoli\u0107 z okre\u015blonego tematu. Pomagamy pracownikom uczy\u0107&nbsp;si\u0119 w przyjemny i skuteczny spos\u00f3b.<\/p>\n<!-- \/wp:paragraph -->\n\n<!-- wp:paragraph -->\n<p>Je\u017celi chcesz zobaczy\u0107 jak nasze video wspiera\u0142o wzmocnienie standard\u00f3w obs\u0142ugi klienta w\u015br\u00f3d 2000 pracownik\u00f3w Banku Millennium w ca\u0142ej Polsce, to Case Study znajdziesz pod tym linkiem &lt;link&gt;<\/p>\n<!-- \/wp:paragraph -->\n\n<!-- wp:paragraph -->\n<p><strong>Explainer Video<\/strong><\/p>\n<!-- \/wp:paragraph -->\n\n<!-- wp:paragraph -->\n<p>Najcz\u0119\u015bciej realizujemy cele klient\u00f3w za pomoc\u0105&nbsp;explainer video, kt\u00f3re w szybki i prosty spos\u00f3b wyja\u015bniaj\u0105 z\u0142o\u017cone tematy.<\/p>\n<!-- \/wp:paragraph -->\n\n<!-- wp:paragraph -->\n<p>Dzi\u0119ki nim mo\u017cemy si\u0119 wyr\u00f3\u017cni\u0107 w\u015br\u00f3d licznych informacji. Zar\u00f3wno w Intranecie jak i w mailach.<\/p>\n<!-- \/wp:paragraph -->\n\n<!-- wp:paragraph -->\n<p>Taki film pe\u0142ni t\u0119 sam\u0105 funkcj\u0119, co cz\u0142owiek stoj\u0105cy przy tablicy i t\u0142umacz\u0105cy odbiorcom co\u015b skomplikowanego. R\u00f3\u017cnica polega na tym, \u017ce animacj\u0119 - w przeciwie\u0144stwie do cz\u0142owieka - mo\u017cna wys\u0142a\u0107 do ca\u0142ej firmy. I mamy pewno\u015b\u0107, \u017ce nic nie zostanie przekr\u0119cone.<\/p>\n<!-- \/wp:paragraph -->\n\n<!-- wp:paragraph -->\n<p>Animacja jest du\u017co&nbsp;<strong>bardziej dynamiczna<\/strong>&nbsp;ni\u017c przygotowany wcze\u015bniej PowerPoint, dzi\u0119ki czemu odbiorca ch\u0119tniej j\u0105 \u015bledzi.<\/p>\n<!-- \/wp:paragraph -->\n\n<!-- wp:paragraph -->\n<p>Dzi\u0119ki odpowiedniej konstrukcji scenariusza, grze aktorkiej lektora i wizualizacjom,&nbsp;<strong>animacja przyci\u0105ga uwag\u0119 i zapada w pami\u0119\u0107 na d\u0142ugo<\/strong>.<\/p>\n<!-- \/wp:paragraph -->\n\n<!-- wp:paragraph -->\n<p><\/p>\n<!-- \/wp:paragraph -->\n\n<!-- wp:image {\"id\":946} -->\n<figure class=\"wp-block-image\"><img src=\"https:\/\/explainvisually.co\/wp-content\/uploads\/2019\/07\/image-1024x349.jpeg\" alt=\"\" class=\"wp-image-946\"\/><figcaption><em>Animacja pe\u0142ni t\u0119 sam\u0105&nbsp;funkcj\u0119, co t\u0142umaczenie przy tablicy.<\/em><\/figcaption><\/figure>\n<!-- \/wp:image -->\n\n<!-- wp:paragraph -->\n<p><\/p>\n<!-- \/wp:paragraph -->\n\n<!-- wp:paragraph -->\n<p>W produkcjach video wykorzystujemy dostarczone przez Klienta wytyczne dot. celu, stylu filmu,&nbsp;bohater\u00f3w oraz u\u017cywanych hase\u0142. W ca\u0142ym procesie pe\u0142nimy r\u00f3wnie\u017c funkcj\u0119 doradcz\u0105, pomagaj\u0105c \u2013 na podstawie&nbsp;<strong>naszych do\u015bwiadcze\u0144 przy ponad 200 projektach<\/strong>\u2013 stworzy\u0107 wymarzon\u0105 animacj\u0119.<\/p>\n<!-- \/wp:paragraph -->\n\n<!-- wp:paragraph -->\n<p><\/p>\n<!-- \/wp:paragraph -->\n\n<!-- wp:heading {\"level\":3} -->\n<h3>Przyk\u0142adowe tematy naszych projekt\u00f3w<\/h3>\n<!-- \/wp:heading -->\n\n<!-- wp:list -->\n<ul><li>IKEA: Jak w zrozumia\u0142y spos\u00f3b&nbsp;<strong>przekaza\u0107<\/strong>&nbsp;now\u0105 strategi\u0119 pracownikom w USA, Polsce i Chinach?<\/li><li>Orange: Jak&nbsp;<strong>zach\u0119ci\u0107<\/strong>&nbsp;pracownik\u00f3w do korzystania z nowych system\u00f3w IT?<\/li><li>Credit Agricole: Jak&nbsp;<strong>wyedukowa\u0107<\/strong>&nbsp;pracownik\u00f3w z nowych procedur dot. odbywania spotka\u0144?<\/li><\/ul>\n<!-- \/wp:list -->\n\n<!-- wp:paragraph -->\n<p><\/p>\n<!-- \/wp:paragraph -->\n\n<!-- wp:core-embed\/youtube {\"url\":\"https:\/\/www.youtube.com\/watch?v=AgvpqO1siM4\\u0026feature=youtu.be\",\"type\":\"video\",\"providerNameSlug\":\"youtube\",\"className\":\"wp-embed-aspect-16-9 wp-has-aspect-ratio\"} -->\n<figure class=\"wp-block-embed-youtube wp-block-embed is-type-video is-provider-youtube wp-embed-aspect-16-9 wp-has-aspect-ratio\"><div class=\"wp-block-embed__wrapper\">\nhttps:\/\/www.youtube.com\/watch?v=AgvpqO1siM4&amp;feature=youtu.be\n<\/div><figcaption><em>Jeden z pi\u0119ciu film\u00f3w, kt\u00f3re stworzyli\u015bmy dla zarz\u0105du IKEA GSS<\/em><\/figcaption><\/figure>\n<!-- \/wp:core-embed\/youtube -->\n\n<!-- wp:paragraph -->\n<p>Jeste\u015bmy dumni, \u017ce&nbsp;<strong>100% (sto procent) naszych klient\u00f3w poleci\u0142oby nasze us\u0142ugi innym firmom,<\/strong>&nbsp;wystawiaj\u0105c nam \u015bredni\u0105 ocen\u0119 4,8\/5&nbsp;<em>(wyniki anonimowej ankiety przeprowadzonej w pa\u017adzierniku 2017r.).<\/em><\/p>\n<!-- \/wp:paragraph -->\n\n<!-- wp:paragraph -->\n<p><em>Chcesz wiedzie\u0107 wi\u0119cej? <\/em><\/p>\n<!-- \/wp:paragraph -->\n\n<!-- wp:paragraph -->\n<p>Zobacz Portfolio film\u00f3w, przeczytaj artyku\u0142 o explainer video lub skontaktuj si\u0119&nbsp;z nami.<\/p>\n<!-- \/wp:paragraph -->","_et_gb_content_width":"","inline_featured_image":false,"footnotes":""},"class_list":["post-3513","page","type-page","status-publish","hentry"],"yoast_head":"<!-- This site is optimized with the Yoast SEO plugin v27.0 - https:\/\/yoast.com\/product\/yoast-seo-wordpress\/ -->\n<title>Explainer video and whiteboard animation for HR - Explain Visually<\/title>\n<meta name=\"description\" content=\"Explainer videos and whiteboard animation help HR Department to communicate clearly with the employees.\" \/>\n<meta name=\"robots\" content=\"index, follow, max-snippet:-1, max-image-preview:large, max-video-preview:-1\" \/>\n<link rel=\"canonical\" href=\"https:\/\/explainvisually.co\/en\/explainer-video-whiteboard-animation-for-hr\/\" \/>\n<meta property=\"og:locale\" content=\"en_US\" \/>\n<meta property=\"og:type\" content=\"article\" \/>\n<meta property=\"og:title\" content=\"Explainer video and whiteboard animation for HR - Explain Visually\" \/>\n<meta property=\"og:description\" content=\"Explainer videos and whiteboard animation help HR Department to communicate clearly with the employees.\" \/>\n<meta property=\"og:url\" content=\"https:\/\/explainvisually.co\/en\/explainer-video-whiteboard-animation-for-hr\/\" \/>\n<meta property=\"og:site_name\" content=\"Explain Visually\" \/>\n<meta property=\"article:modified_time\" content=\"2020-05-06T08:30:30+00:00\" \/>\n<meta name=\"twitter:card\" content=\"summary_large_image\" \/>\n<meta name=\"twitter:label1\" content=\"Est. reading time\" \/>\n\t<meta name=\"twitter:data1\" content=\"7 minutes\" \/>\n<script type=\"application\/ld+json\" class=\"yoast-schema-graph\">{\"@context\":\"https:\/\/schema.org\",\"@graph\":[{\"@type\":\"WebPage\",\"@id\":\"https:\/\/explainvisually.co\/en\/explainer-video-whiteboard-animation-for-hr\/\",\"url\":\"https:\/\/explainvisually.co\/en\/explainer-video-whiteboard-animation-for-hr\/\",\"name\":\"Explainer video and whiteboard animation for HR - Explain Visually\",\"isPartOf\":{\"@id\":\"https:\/\/explainvisually.co\/en\/#website\"},\"datePublished\":\"2019-07-04T07:15:28+00:00\",\"dateModified\":\"2020-05-06T08:30:30+00:00\",\"description\":\"Explainer videos and whiteboard animation help HR Department to communicate clearly with the employees.\",\"breadcrumb\":{\"@id\":\"https:\/\/explainvisually.co\/en\/explainer-video-whiteboard-animation-for-hr\/#breadcrumb\"},\"inLanguage\":\"en-US\",\"potentialAction\":[{\"@type\":\"ReadAction\",\"target\":[\"https:\/\/explainvisually.co\/en\/explainer-video-whiteboard-animation-for-hr\/\"]}]},{\"@type\":\"BreadcrumbList\",\"@id\":\"https:\/\/explainvisually.co\/en\/explainer-video-whiteboard-animation-for-hr\/#breadcrumb\",\"itemListElement\":[{\"@type\":\"ListItem\",\"position\":1,\"name\":\"Home\",\"item\":\"https:\/\/explainvisually.co\/en\/\"},{\"@type\":\"ListItem\",\"position\":2,\"name\":\"Explainer video and whiteboard animation for HR\"}]},{\"@type\":\"WebSite\",\"@id\":\"https:\/\/explainvisually.co\/en\/#website\",\"url\":\"https:\/\/explainvisually.co\/en\/\",\"name\":\"Explain Visually\",\"description\":\"\",\"potentialAction\":[{\"@type\":\"SearchAction\",\"target\":{\"@type\":\"EntryPoint\",\"urlTemplate\":\"https:\/\/explainvisually.co\/en\/?s={search_term_string}\"},\"query-input\":{\"@type\":\"PropertyValueSpecification\",\"valueRequired\":true,\"valueName\":\"search_term_string\"}}],\"inLanguage\":\"en-US\"}]}<\/script>\n<!-- \/ Yoast SEO plugin. -->","yoast_head_json":{"title":"Explainer video and whiteboard animation for HR - Explain Visually","description":"Explainer videos and whiteboard animation help HR Department to communicate clearly with the employees.","robots":{"index":"index","follow":"follow","max-snippet":"max-snippet:-1","max-image-preview":"max-image-preview:large","max-video-preview":"max-video-preview:-1"},"canonical":"https:\/\/explainvisually.co\/en\/explainer-video-whiteboard-animation-for-hr\/","og_locale":"en_US","og_type":"article","og_title":"Explainer video and whiteboard animation for HR - Explain Visually","og_description":"Explainer videos and whiteboard animation help HR Department to communicate clearly with the employees.","og_url":"https:\/\/explainvisually.co\/en\/explainer-video-whiteboard-animation-for-hr\/","og_site_name":"Explain Visually","article_modified_time":"2020-05-06T08:30:30+00:00","twitter_card":"summary_large_image","twitter_misc":{"Est. reading time":"7 minutes"},"schema":{"@context":"https:\/\/schema.org","@graph":[{"@type":"WebPage","@id":"https:\/\/explainvisually.co\/en\/explainer-video-whiteboard-animation-for-hr\/","url":"https:\/\/explainvisually.co\/en\/explainer-video-whiteboard-animation-for-hr\/","name":"Explainer video and whiteboard animation for HR - Explain Visually","isPartOf":{"@id":"https:\/\/explainvisually.co\/en\/#website"},"datePublished":"2019-07-04T07:15:28+00:00","dateModified":"2020-05-06T08:30:30+00:00","description":"Explainer videos and whiteboard animation help HR Department to communicate clearly with the employees.","breadcrumb":{"@id":"https:\/\/explainvisually.co\/en\/explainer-video-whiteboard-animation-for-hr\/#breadcrumb"},"inLanguage":"en-US","potentialAction":[{"@type":"ReadAction","target":["https:\/\/explainvisually.co\/en\/explainer-video-whiteboard-animation-for-hr\/"]}]},{"@type":"BreadcrumbList","@id":"https:\/\/explainvisually.co\/en\/explainer-video-whiteboard-animation-for-hr\/#breadcrumb","itemListElement":[{"@type":"ListItem","position":1,"name":"Home","item":"https:\/\/explainvisually.co\/en\/"},{"@type":"ListItem","position":2,"name":"Explainer video and whiteboard animation for HR"}]},{"@type":"WebSite","@id":"https:\/\/explainvisually.co\/en\/#website","url":"https:\/\/explainvisually.co\/en\/","name":"Explain Visually","description":"","potentialAction":[{"@type":"SearchAction","target":{"@type":"EntryPoint","urlTemplate":"https:\/\/explainvisually.co\/en\/?s={search_term_string}"},"query-input":{"@type":"PropertyValueSpecification","valueRequired":true,"valueName":"search_term_string"}}],"inLanguage":"en-US"}]}},"_links":{"self":[{"href":"https:\/\/explainvisually.co\/en\/wp-json\/wp\/v2\/pages\/3513","targetHints":{"allow":["GET"]}}],"collection":[{"href":"https:\/\/explainvisually.co\/en\/wp-json\/wp\/v2\/pages"}],"about":[{"href":"https:\/\/explainvisually.co\/en\/wp-json\/wp\/v2\/types\/page"}],"author":[{"embeddable":true,"href":"https:\/\/explainvisually.co\/en\/wp-json\/wp\/v2\/users\/2"}],"replies":[{"embeddable":true,"href":"https:\/\/explainvisually.co\/en\/wp-json\/wp\/v2\/comments?post=3513"}],"version-history":[{"count":0,"href":"https:\/\/explainvisually.co\/en\/wp-json\/wp\/v2\/pages\/3513\/revisions"}],"wp:attachment":[{"href":"https:\/\/explainvisually.co\/en\/wp-json\/wp\/v2\/media?parent=3513"}],"curies":[{"name":"wp","href":"https:\/\/api.w.org\/{rel}","templated":true}]}}